{"id":24913,"date":"2017-06-27T22:25:34","date_gmt":"2017-06-28T05:25:34","guid":{"rendered":"https:\/\/www.camarenahealth.org\/politica-de-privacidad\/"},"modified":"2022-07-23T17:19:42","modified_gmt":"2022-07-24T00:19:42","slug":"politica-de-privacidad","status":"publish","type":"page","link":"https:\/\/www.camarenahealth.org\/es\/sobre-nosotros\/politica-de-privacidad\/","title":{"rendered":"Pol\u00edtica de privacidad"},"content":{"rendered":"<div class=\"wpb-content-wrapper\"><p>[vc_row css=&#8221;.vc_custom_1498779039522{padding-top: 50px !important;padding-bottom: 50px !important;}&#8221;][vc_column][vc_column_text]<\/p>\n<p style=\"text-align: left;\" align=\"center\">Salud Camarena<br \/>\nAviso de pr\u00e1cticas de privacidad<br \/>\nA partir del 12 de agosto de 2012<\/p>\n<p style=\"text-align: left;\">Este aviso describe c\u00f3mo se puede utilizar y divulgar su informaci\u00f3n m\u00e9dica y c\u00f3mo puede acceder a ella.<\/p>\n<p style=\"text-align: left;\"><strong>Introducci\u00f3n<\/strong><\/p>\n<p style=\"text-align: left;\">Mantenemos un protocolo para garantizar la seguridad y confidencialidad de su informaci\u00f3n personal. Contamos con seguridad f\u00edsica en nuestros edificios, contrase\u00f1as para proteger las bases de datos, auditor\u00edas de cumplimiento y software de detecci\u00f3n de virus e intrusiones. En nuestra consulta, el acceso a su informaci\u00f3n est\u00e1 limitado a quienes la necesitan para realizar su trabajo.<\/p>\n<p style=\"text-align: left;\">En las oficinas de Camarena Health, nos comprometemos a tratar y utilizar la informaci\u00f3n m\u00e9dica protegida sobre usted de forma responsable. Este Aviso de Pol\u00edticas de Privacidad describe la informaci\u00f3n personal que recopilamos y c\u00f3mo y cu\u00e1ndo utilizamos o divulgamos esa informaci\u00f3n. Tambi\u00e9n describe sus derechos en relaci\u00f3n con su informaci\u00f3n sanitaria protegida. Este aviso entra en vigor el 12 de agosto de 2012 y se aplica a toda la informaci\u00f3n sanitaria protegida, tal y como se define en la normativa federal.<\/p>\n<p style=\"text-align: left;\"><strong>Comprender su historial m\u00e9dico<\/strong><\/p>\n<p style=\"text-align: left;\">Cada vez que usted acude a Salud Camarena, se realiza un registro de su visita. Normalmente, este registro contiene sus s\u00edntomas, ex\u00e1menes y resultados de pruebas, diagn\u00f3sticos, tratamiento y un plan de atenci\u00f3n o tratamiento futuro. Esta informaci\u00f3n, que suele denominarse historia cl\u00ednica o de salud, sirve para:<\/p>\n<ul style=\"text-align: left;\">\n<li>Bases para la planificaci\u00f3n de su atenci\u00f3n y tratamiento,<\/li>\n<li>Medios de comunicaci\u00f3n entre los numerosos profesionales sanitarios que contribuyen a su atenci\u00f3n,<\/li>\n<li>Documento legal que describe la atenci\u00f3n que recibi\u00f3,<\/li>\n<li>Medio por el que usted o un tercero pueden verificar que los servicios facturados se han prestado realmente,<\/li>\n<li>Herramienta en la educaci\u00f3n de los profesionales de la salud,<\/li>\n<li>Fuente de datos para la investigaci\u00f3n m\u00e9dica,<\/li>\n<li>Fuente de informaci\u00f3n para los funcionarios de salud p\u00fablica encargados de mejorar la salud del estado y la naci\u00f3n.<\/li>\n<li>Fuente de datos para la planificaci\u00f3n y la comercializaci\u00f3n,<\/li>\n<li>Herramienta con la que podemos evaluar y trabajar continuamente para mejorar la atenci\u00f3n que prestamos y los resultados que conseguimos.<\/li>\n<\/ul>\n<p style=\"text-align: left;\">Entender lo que hay en su historial y c\u00f3mo se utiliza su informaci\u00f3n sanitaria le ayuda a: garantizar su exactitud; entender mejor qui\u00e9n, qu\u00e9, cu\u00e1ndo, d\u00f3nde y por qu\u00e9 otros pueden acceder a su informaci\u00f3n sanitaria: y tomar decisiones m\u00e1s informadas a la hora de autorizar la divulgaci\u00f3n a otros.<\/p>\n<p style=\"text-align: left;\"><strong>Sus derechos en materia de informaci\u00f3n sanitaria<\/strong><\/p>\n<p style=\"text-align: left;\">Aunque su expediente m\u00e9dico es propiedad f\u00edsica de Camarena Health, la informaci\u00f3n le pertenece a usted. Tienes derecho a:<\/p>\n<ul style=\"text-align: left;\">\n<li>Obtenga una copia en papel de este aviso de pol\u00edticas de privacidad si lo solicita,<\/li>\n<li>Inspeccionar y obtener una copia de su historial m\u00e9dico seg\u00fan lo dispuesto en el art\u00edculo 45 CFR 164.524, (se aplican tarifas de copia razonables de acuerdo con la ley estatal),<\/li>\n<li>Modificar su expediente m\u00e9dico seg\u00fan lo dispuesto en el 45 CFR 164.526,<\/li>\n<li>Obtener una relaci\u00f3n de las divulgaciones de su informaci\u00f3n m\u00e9dica, seg\u00fan lo dispuesto en la norma 45 CFR 164.528,<\/li>\n<li>Solicitar comunicaciones confidenciales de su informaci\u00f3n de salud seg\u00fan lo dispuesto en 45 CFR 164.522(b),<\/li>\n<li>Solicitar una restricci\u00f3n de ciertos usos y divulgaciones de su informaci\u00f3n seg\u00fan lo dispuesto en 45 CFR 164.522(a) (sin embargo, no estamos obligados por ley a aceptar una solicitud de restricci\u00f3n).<\/li>\n<\/ul>\n<p style=\"text-align: left;\"><strong>Requisitos de notificaci\u00f3n de la tecnolog\u00eda de la informaci\u00f3n sanitaria para la salud econ\u00f3mica y cl\u00ednica (HITECH)<\/strong><\/p>\n<p style=\"text-align: left;\">De acuerdo con la Ley HITECH, Camarena Health est\u00e1 obligada a notificar a los pacientes cuya informaci\u00f3n de salud ha sido violada. La notificaci\u00f3n debe realizarse por correo de primera clase en un plazo de 60 d\u00edas a partir del evento. Se produce una infracci\u00f3n cuando un uso o divulgaci\u00f3n no autorizados que comprometen la privacidad o la seguridad de la informaci\u00f3n sanitaria suponen un riesgo significativo de da\u00f1o financiero, de reputaci\u00f3n o de otro tipo para el individuo. Esta notificaci\u00f3n debe:<\/p>\n<ul style=\"text-align: left;\">\n<li>Contiene una breve descripci\u00f3n de lo sucedido, incluyendo la fecha de la infracci\u00f3n y la fecha de descubrimiento,<\/li>\n<li>Las medidas que el individuo debe tomar para protegerse de los posibles da\u00f1os resultantes de la violaci\u00f3n,<\/li>\n<li>Una breve descripci\u00f3n de lo que Camarena Health est\u00e1 haciendo para investigar la infracci\u00f3n, mitigar las p\u00e9rdidas y protegerse contra nuevas infracciones.<\/li>\n<\/ul>\n<p style=\"text-align: left;\"><strong>Pacientes\/clientes en efectivo<\/strong><\/p>\n<p style=\"text-align: left;\">HITECH establece que si un paciente paga la totalidad de sus servicios de su bolsillo, puede exigir que la informaci\u00f3n relativa al servicio no se revele al tercer pagador del paciente, ya que no se est\u00e1 haciendo ninguna reclamaci\u00f3n contra el tercer pagador.<\/p>\n<p style=\"text-align: left;\"><strong> <\/strong><strong>Nuestras responsabilidades<\/strong><\/p>\n<p style=\"text-align: left;\">Nuestro consultorio est\u00e1 obligado a:<\/p>\n<ul style=\"text-align: left;\">\n<li>Mantener la privacidad de su informaci\u00f3n sanitaria,<\/li>\n<li>Proporcionarle este aviso en cuanto a nuestras obligaciones legales y pr\u00e1cticas de privacidad con respecto a la informaci\u00f3n que recogemos y mantenemos sobre usted,<\/li>\n<li>Acatar los t\u00e9rminos de esta notificaci\u00f3n,<\/li>\n<li>Notificarle si no podemos aceptar una restricci\u00f3n solicitada,<\/li>\n<li>Atender las peticiones razonables que pueda tener para comunicar su informaci\u00f3n sanitaria.<\/li>\n<\/ul>\n<p style=\"text-align: left;\">Nos reservamos el derecho a modificar nuestras pr\u00e1cticas y a hacer efectivas las nuevas disposiciones para toda la informaci\u00f3n sanitaria que mantenemos. Mantendremos en nuestras instalaciones una copia publicada de la notificaci\u00f3n m\u00e1s actualizada que contenga la fecha de entrada en vigor en la parte superior de la p\u00e1gina. Adem\u00e1s, cada vez que acuda a nuestro centro para recibir tratamiento, podr\u00e1 obtener una copia del aviso vigente si lo solicita.<\/p>\n<p style=\"text-align: left;\">No utilizaremos ni divulgaremos su informaci\u00f3n m\u00e9dica de una manera distinta a la descrita en la secci\u00f3n relativa a Ejemplos de divulgaci\u00f3n para el tratamiento, el pago y las operaciones sanitarias, sin su autorizaci\u00f3n por escrito, que puede revocar seg\u00fan lo dispuesto en 45 CFR 164.508(b)(5), excepto en la medida en que ya se haya tomado esa medida.<\/p>\n<p style=\"text-align: left;\"><strong>Para m\u00e1s informaci\u00f3n o para notificar un problema<\/strong><\/p>\n<p style=\"text-align: left;\">Si tiene preguntas y desea informaci\u00f3n adicional, puede ponerse en contacto con la responsable de privacidad de nuestro consultorio, Alicia Navarrete, en el 559.664.4000, extensi\u00f3n 4134.<\/p>\n<p style=\"text-align: left;\">Si usted cree que sus derechos de privacidad han sido violados, puede presentar una queja con el Oficial de Privacidad de Camarena Health, o con la Oficina de Derechos Civiles, Departamento de Salud y Servicios Humanos de los Estados Unidos (OCR). No habr\u00e1 represalias por presentar una queja en nuestro consultorio o en la OCR.<\/p>\n<p style=\"text-align: left;\"><em>Oficina de Derechos Civiles<\/em><\/p>\n<p style=\"text-align: left;\">Departamento de Salud y Servicios Humanos de los Estados Unidos<br \/>\n50 United Nations Plaza-Sala 322<br \/>\nSan Francisco, CA 94102<\/p>\n<p style=\"text-align: left;\"><strong>Ejemplos de divulgaci\u00f3n para tratamiento, pago y operaciones sanitarias<\/strong><\/p>\n<p style=\"text-align: left;\">Utilizaremos su informaci\u00f3n m\u00e9dica para el tratamiento.<\/p>\n<p style=\"text-align: left;\">Podemos proporcionar informaci\u00f3n m\u00e9dica sobre usted a los proveedores de atenci\u00f3n m\u00e9dica, al personal de nuestro consultorio o a terceros que participen en la prestaci\u00f3n, gesti\u00f3n o coordinaci\u00f3n de su atenci\u00f3n.<\/p>\n<p style=\"text-align: left;\"><em>Por ejemplo: <\/em>La informaci\u00f3n obtenida por una enfermera, un m\u00e9dico u otro miembro de su equipo de atenci\u00f3n m\u00e9dica se registrar\u00e1 en su expediente y se utilizar\u00e1 para determinar el curso del tratamiento que deber\u00eda funcionar mejor para usted. Su informaci\u00f3n m\u00e9dica ser\u00e1 compartida entre los profesionales de la salud que participan en su atenci\u00f3n.<\/p>\n<p style=\"text-align: left;\"><strong> <\/strong>Tambi\u00e9n proporcionaremos a su(s) m\u00e9dico(s) o proveedor(es) de atenci\u00f3n m\u00e9dica posterior(es) (cuando corresponda) copias de varios informes que deber\u00edan ayudarles a tratarle.<\/p>\n<p style=\"text-align: left;\"><strong>Utilizaremos su informaci\u00f3n m\u00e9dica para el pago<em>.<\/em><\/strong><\/p>\n<p style=\"text-align: left;\">Podemos utilizar la divulgaci\u00f3n de sus datos para poder cobrar o realizar el pago de los servicios sanitarios que recibe.<\/p>\n<p style=\"text-align: left;\"><em> <\/em><em>Por ejemplo<\/em><em>: <\/em>Si usted participa en un plan de seguro m\u00e9dico, revelaremos la informaci\u00f3n necesaria a ese plan para obtener el pago de su atenci\u00f3n.<\/p>\n<p style=\"text-align: left;\"><strong>Utilizaremos su informaci\u00f3n m\u00e9dica para las operaciones sanitarias habituales<\/strong><\/p>\n<p style=\"text-align: left;\">Podemos divulgar su informaci\u00f3n m\u00e9dica para nuestras operaciones rutinarias. Estos usos son necesarios para ciertas actividades administrativas, financieras, legales y de mejora de la calidad que son necesarias para el funcionamiento de nuestra pr\u00e1ctica y para apoyar las funciones principales.<\/p>\n<p style=\"text-align: left;\"><em>Por ejemplo<\/em><em>: <\/em>Los miembros del equipo de mejora de la calidad pueden utilizar la informaci\u00f3n de su historia cl\u00ednica para evaluar la atenci\u00f3n y los resultados de su caso y de otros similares. Esta informaci\u00f3n se utilizar\u00e1 en un esfuerzo por mejorar continuamente la calidad y la eficacia de la atenci\u00f3n sanitaria y el servicio que ofrecemos y por reducir los costes de la atenci\u00f3n sanitaria.<\/p>\n<p style=\"text-align: left;\"><strong>Recordatorio de citas<\/strong><\/p>\n<p style=\"text-align: left;\">Podemos revelar informaci\u00f3n m\u00e9dica para proporcionar recordatorios de citas (por ejemplo, poni\u00e9ndonos en contacto con usted en el n\u00famero de tel\u00e9fono que nos ha proporcionado y dejando un mensaje como recordatorio de la cita).<\/p>\n<p style=\"text-align: left;\"><strong>Difuntos<\/strong><\/p>\n<p style=\"text-align: left;\">De acuerdo con la legislaci\u00f3n vigente, podemos revelar informaci\u00f3n m\u00e9dica a un m\u00e9dico forense, examinador m\u00e9dico o director de una funeraria.<\/p>\n<p style=\"text-align: left;\"><strong>Indemnizaci\u00f3n por accidente de trabajo<\/strong><\/p>\n<p style=\"text-align: left;\">Podemos divulgar informaci\u00f3n m\u00e9dica en la medida autorizada y necesaria para cumplir con las leyes relativas a la compensaci\u00f3n de los trabajadores u otros programas similares establecidos por la ley.<\/p>\n<p style=\"text-align: left;\"><strong>Salud p\u00fablica<\/strong><\/p>\n<p style=\"text-align: left;\">Seg\u00fan lo exija la ley, podemos revelar su informaci\u00f3n m\u00e9dica a las autoridades legales o de salud p\u00fablica encargadas de prevenir o controlar enfermedades, lesiones o discapacidades.<\/p>\n<p style=\"text-align: left;\"><strong>Investigaci\u00f3n<\/strong><\/p>\n<p style=\"text-align: left;\">Podemos revelar informaci\u00f3n a los investigadores cuando su investigaci\u00f3n haya sido aprobada y el investigador haya obtenido la exenci\u00f3n requerida del Consejo de Revisi\u00f3n Institucional\/Junta de Privacidad, que ha revisado la propuesta de investigaci\u00f3n.<\/p>\n<p style=\"text-align: left;\"><strong>Organizaciones de obtenci\u00f3n de \u00f3rganos<\/strong><\/p>\n<p style=\"text-align: left;\">De acuerdo con la legislaci\u00f3n aplicable, podemos revelar informaci\u00f3n m\u00e9dica a organizaciones de obtenci\u00f3n de \u00f3rganos u otras entidades dedicadas a la obtenci\u00f3n, el almacenamiento o el trasplante de \u00f3rganos con fines de donaci\u00f3n y trasplante.<\/p>\n<p style=\"text-align: left;\"><strong>Como exige la ley<\/strong><\/p>\n<p style=\"text-align: left;\">Podemos divulgar informaci\u00f3n m\u00e9dica seg\u00fan lo exija la ley. Esto puede incluir la denuncia de un delito, la respuesta a una orden judicial, a una citaci\u00f3n del gran jurado, a una orden judicial, a una solicitud de presentaci\u00f3n de pruebas o a otro proceso legal, o el cumplimiento de actividades de supervisi\u00f3n sanitaria, como auditor\u00edas, investigaciones e inspecciones, necesarias para garantizar el cumplimiento de la normativa gubernamental y de las leyes de derechos civiles.<\/p>\n<p style=\"text-align: left;\"><strong>Funciones gubernamentales especializadas<\/strong><\/p>\n<p style=\"text-align: left;\">Podemos divulgar informaci\u00f3n m\u00e9dica para asuntos militares y de veteranos o para actividades de seguridad nacional e inteligencia.<\/p>\n<p style=\"text-align: left;\"><strong>Asociados comerciales<\/strong><\/p>\n<p style=\"text-align: left;\">Hay algunos servicios que se prestan en nuestras organizaciones a trav\u00e9s de contactos con socios comerciales. Algunos ejemplos son los servicios de facturaci\u00f3n o transcripci\u00f3n que podemos utilizar. Debido a la naturaleza de los servicios de los asociados comerciales, \u00e9stos deben recibir su informaci\u00f3n sanitaria para poder realizar las tareas que les hemos pedido. Sin embargo, para proteger su informaci\u00f3n sanitaria, cuando se contratan estos servicios exigimos al asociado comercial que proteja adecuadamente su informaci\u00f3n.<\/p>\n<p style=\"text-align: left;\"><strong>Pr\u00e1ctica de marketing<\/strong><\/p>\n<p style=\"text-align: left;\">Podemos ponernos en contacto con usted para informarle sobre alternativas de tratamiento u otras prestaciones y servicios relacionados con la salud que puedan interesarle (por ejemplo, para notificarle alguna prueba o servicio nuevo que podamos ofrecer).<\/p>\n<p style=\"text-align: left;\"><strong>Administraci\u00f3n de Alimentos y Medicamentos (FDA)<\/strong><\/p>\n<p style=\"text-align: left;\">Podemos revelar a la FDA informaci\u00f3n sanitaria relativa a eventos adversos con respecto a alimentos, suplementos, productos y defectos de productos, o informaci\u00f3n de vigilancia posterior a la comercializaci\u00f3n para permitir la retirada, reparaci\u00f3n o sustituci\u00f3n de productos.<\/p>\n<p style=\"text-align: left;\"><strong>Representante personal<\/strong><\/p>\n<p style=\"text-align: left;\">Podemos revelar informaci\u00f3n a su representante (persona legalmente responsable de su atenci\u00f3n y autorizada a actuar en su nombre en la toma de decisiones relacionadas con su atenci\u00f3n m\u00e9dica).<\/p>\n<p style=\"text-align: left;\"><strong>Evitar una amenaza grave para la salud\/seguridad<\/strong><\/p>\n<p style=\"text-align: left;\">Podemos revelar su informaci\u00f3n cuando creamos de buena fe que es necesario para prevenir una amenaza grave para su seguridad o la de otra persona. Esto puede incluir casos de abuso, negligencia o violencia dom\u00e9stica.<\/p>\n<p style=\"text-align: left;\"><strong>Comunicaci\u00f3n con la familia<\/strong><\/p>\n<p style=\"text-align: left;\"><em>A menos que usted se oponga<\/em>, los profesionales de la salud, utilizando su mejor criterio, pueden revelar a un familiar o amigo personal cercano la informaci\u00f3n de salud relevante para la participaci\u00f3n de esa persona en su atenci\u00f3n o en el pago relacionado con su atenci\u00f3n. Podemos notificar a estas personas su ubicaci\u00f3n y estado general.<\/p>\n<p style=\"text-align: left;\"><strong>Ayuda para cat\u00e1strofes<\/strong><\/p>\n<p style=\"text-align: left;\"><em>A menos que usted se oponga,<\/em> podemos revelar informaci\u00f3n m\u00e9dica sobre usted a una organizaci\u00f3n que ayude en una cat\u00e1strofe.<\/p>\n<p style=\"text-align: left;\">Para todas las operaciones no rutinarias, obtendremos su autorizaci\u00f3n por escrito antes de revelar su informaci\u00f3n personal. Adem\u00e1s, tenemos mucho cuidado en salvaguardar su informaci\u00f3n de todas las maneras posibles para minimizar cualquier divulgaci\u00f3n accidental.<\/p>\n<p>[\/vc_column_text][\/vc_column][\/vc_row]<\/p>\n<\/div>","protected":false},"excerpt":{"rendered":"<p>[vc_row css=&#8221;.vc_custom_1498779039522{padding-top: 50px !important;padding-bottom: 50px !important;}&#8221;][vc_column][vc_column_text] Salud Camarena Aviso de pr\u00e1cticas de privacidad A partir del 12 de agosto de 2012 Este aviso describe c\u00f3mo se puede utilizar y divulgar su informaci\u00f3n m\u00e9dica y c\u00f3mo puede acceder a ella. Introducci\u00f3n Mantenemos un protocolo para garantizar la seguridad y confidencialidad de su informaci\u00f3n personal. Contamos con&hellip;<\/p>\n","protected":false},"author":1,"featured_media":0,"parent":25260,"menu_order":0,"comment_status":"closed","ping_status":"closed","template":"","meta":{"footnotes":""},"class_list":["post-24913","page","type-page","status-publish","hentry","description-off"],"yoast_head":"<!-- This site is optimized with the Yoast SEO plugin v27.1.1 - https:\/\/yoast.com\/product\/yoast-seo-wordpress\/ -->\n<title>Pol\u00edtica de privacidad - Camarena Health<\/title>\n<meta name=\"robots\" content=\"index, follow, max-snippet:-1, max-image-preview:large, max-video-preview:-1\" \/>\n<link rel=\"canonical\" href=\"https:\/\/www.camarenahealth.org\/es\/sobre-nosotros\/politica-de-privacidad\/\" \/>\n<meta property=\"og:locale\" content=\"es_ES\" \/>\n<meta property=\"og:type\" content=\"article\" \/>\n<meta property=\"og:title\" content=\"Pol\u00edtica de privacidad - Camarena Health\" \/>\n<meta property=\"og:description\" content=\"[vc_row css=&#8221;.vc_custom_1498779039522{padding-top: 50px !important;padding-bottom: 50px !important;}&#8221;][vc_column][vc_column_text] Salud Camarena Aviso de pr\u00e1cticas de privacidad A partir del 12 de agosto de 2012 Este aviso describe c\u00f3mo se puede utilizar y divulgar su informaci\u00f3n m\u00e9dica y c\u00f3mo puede acceder a ella. Introducci\u00f3n Mantenemos un protocolo para garantizar la seguridad y confidencialidad de su informaci\u00f3n personal. Contamos con&hellip;\" \/>\n<meta property=\"og:url\" content=\"https:\/\/www.camarenahealth.org\/es\/sobre-nosotros\/politica-de-privacidad\/\" \/>\n<meta property=\"og:site_name\" content=\"Camarena Health\" \/>\n<meta property=\"article:modified_time\" content=\"2022-07-24T00:19:42+00:00\" \/>\n<meta name=\"twitter:card\" content=\"summary_large_image\" \/>\n<meta name=\"twitter:label1\" content=\"Tiempo de lectura\" \/>\n\t<meta name=\"twitter:data1\" content=\"11 minutos\" \/>\n<script type=\"application\/ld+json\" class=\"yoast-schema-graph\">{\"@context\":\"https:\/\/schema.org\",\"@graph\":[{\"@type\":\"WebPage\",\"@id\":\"https:\/\/www.camarenahealth.org\/es\/sobre-nosotros\/politica-de-privacidad\/\",\"url\":\"https:\/\/www.camarenahealth.org\/es\/sobre-nosotros\/politica-de-privacidad\/\",\"name\":\"Pol\u00edtica de privacidad - Camarena Health\",\"isPartOf\":{\"@id\":\"https:\/\/www.camarenahealth.org\/es\/#website\"},\"datePublished\":\"2017-06-28T05:25:34+00:00\",\"dateModified\":\"2022-07-24T00:19:42+00:00\",\"breadcrumb\":{\"@id\":\"https:\/\/www.camarenahealth.org\/es\/sobre-nosotros\/politica-de-privacidad\/#breadcrumb\"},\"inLanguage\":\"es\",\"potentialAction\":[{\"@type\":\"ReadAction\",\"target\":[\"https:\/\/www.camarenahealth.org\/es\/sobre-nosotros\/politica-de-privacidad\/\"]}]},{\"@type\":\"BreadcrumbList\",\"@id\":\"https:\/\/www.camarenahealth.org\/es\/sobre-nosotros\/politica-de-privacidad\/#breadcrumb\",\"itemListElement\":[{\"@type\":\"ListItem\",\"position\":1,\"name\":\"Home\",\"item\":\"https:\/\/www.camarenahealth.org\/es\/salud-camarena\/\"},{\"@type\":\"ListItem\",\"position\":2,\"name\":\"Pol\u00edtica de privacidad\"}]},{\"@type\":\"WebSite\",\"@id\":\"https:\/\/www.camarenahealth.org\/es\/#website\",\"url\":\"https:\/\/www.camarenahealth.org\/es\/\",\"name\":\"Camarena Health\",\"description\":\"We Are Community. We Are Family. We Are Health.\",\"publisher\":{\"@id\":\"https:\/\/www.camarenahealth.org\/es\/#organization\"},\"potentialAction\":[{\"@type\":\"SearchAction\",\"target\":{\"@type\":\"EntryPoint\",\"urlTemplate\":\"https:\/\/www.camarenahealth.org\/es\/?s={search_term_string}\"},\"query-input\":{\"@type\":\"PropertyValueSpecification\",\"valueRequired\":true,\"valueName\":\"search_term_string\"}}],\"inLanguage\":\"es\"},{\"@type\":\"Organization\",\"@id\":\"https:\/\/www.camarenahealth.org\/es\/#organization\",\"name\":\"Camarena Health\",\"url\":\"https:\/\/www.camarenahealth.org\/es\/\",\"logo\":{\"@type\":\"ImageObject\",\"inLanguage\":\"es\",\"@id\":\"https:\/\/www.camarenahealth.org\/es\/#\/schema\/logo\/image\/\",\"url\":\"https:\/\/www.camarenahealth.org\/wp-content\/uploads\/2021\/12\/Camarena-Health_2022-Logo.svg\",\"contentUrl\":\"https:\/\/www.camarenahealth.org\/wp-content\/uploads\/2021\/12\/Camarena-Health_2022-Logo.svg\",\"width\":1920,\"height\":382,\"caption\":\"Camarena Health\"},\"image\":{\"@id\":\"https:\/\/www.camarenahealth.org\/es\/#\/schema\/logo\/image\/\"}}]}<\/script>\n<!-- \/ Yoast SEO plugin. -->","yoast_head_json":{"title":"Pol\u00edtica de privacidad - Camarena Health","robots":{"index":"index","follow":"follow","max-snippet":"max-snippet:-1","max-image-preview":"max-image-preview:large","max-video-preview":"max-video-preview:-1"},"canonical":"https:\/\/www.camarenahealth.org\/es\/sobre-nosotros\/politica-de-privacidad\/","og_locale":"es_ES","og_type":"article","og_title":"Pol\u00edtica de privacidad - Camarena Health","og_description":"[vc_row css=&#8221;.vc_custom_1498779039522{padding-top: 50px !important;padding-bottom: 50px !important;}&#8221;][vc_column][vc_column_text] Salud Camarena Aviso de pr\u00e1cticas de privacidad A partir del 12 de agosto de 2012 Este aviso describe c\u00f3mo se puede utilizar y divulgar su informaci\u00f3n m\u00e9dica y c\u00f3mo puede acceder a ella. Introducci\u00f3n Mantenemos un protocolo para garantizar la seguridad y confidencialidad de su informaci\u00f3n personal. Contamos con&hellip;","og_url":"https:\/\/www.camarenahealth.org\/es\/sobre-nosotros\/politica-de-privacidad\/","og_site_name":"Camarena Health","article_modified_time":"2022-07-24T00:19:42+00:00","twitter_card":"summary_large_image","twitter_misc":{"Tiempo de lectura":"11 minutos"},"schema":{"@context":"https:\/\/schema.org","@graph":[{"@type":"WebPage","@id":"https:\/\/www.camarenahealth.org\/es\/sobre-nosotros\/politica-de-privacidad\/","url":"https:\/\/www.camarenahealth.org\/es\/sobre-nosotros\/politica-de-privacidad\/","name":"Pol\u00edtica de privacidad - Camarena Health","isPartOf":{"@id":"https:\/\/www.camarenahealth.org\/es\/#website"},"datePublished":"2017-06-28T05:25:34+00:00","dateModified":"2022-07-24T00:19:42+00:00","breadcrumb":{"@id":"https:\/\/www.camarenahealth.org\/es\/sobre-nosotros\/politica-de-privacidad\/#breadcrumb"},"inLanguage":"es","potentialAction":[{"@type":"ReadAction","target":["https:\/\/www.camarenahealth.org\/es\/sobre-nosotros\/politica-de-privacidad\/"]}]},{"@type":"BreadcrumbList","@id":"https:\/\/www.camarenahealth.org\/es\/sobre-nosotros\/politica-de-privacidad\/#breadcrumb","itemListElement":[{"@type":"ListItem","position":1,"name":"Home","item":"https:\/\/www.camarenahealth.org\/es\/salud-camarena\/"},{"@type":"ListItem","position":2,"name":"Pol\u00edtica de privacidad"}]},{"@type":"WebSite","@id":"https:\/\/www.camarenahealth.org\/es\/#website","url":"https:\/\/www.camarenahealth.org\/es\/","name":"Camarena Health","description":"We Are Community. We Are Family. We Are Health.","publisher":{"@id":"https:\/\/www.camarenahealth.org\/es\/#organization"},"potentialAction":[{"@type":"SearchAction","target":{"@type":"EntryPoint","urlTemplate":"https:\/\/www.camarenahealth.org\/es\/?s={search_term_string}"},"query-input":{"@type":"PropertyValueSpecification","valueRequired":true,"valueName":"search_term_string"}}],"inLanguage":"es"},{"@type":"Organization","@id":"https:\/\/www.camarenahealth.org\/es\/#organization","name":"Camarena Health","url":"https:\/\/www.camarenahealth.org\/es\/","logo":{"@type":"ImageObject","inLanguage":"es","@id":"https:\/\/www.camarenahealth.org\/es\/#\/schema\/logo\/image\/","url":"https:\/\/www.camarenahealth.org\/wp-content\/uploads\/2021\/12\/Camarena-Health_2022-Logo.svg","contentUrl":"https:\/\/www.camarenahealth.org\/wp-content\/uploads\/2021\/12\/Camarena-Health_2022-Logo.svg","width":1920,"height":382,"caption":"Camarena Health"},"image":{"@id":"https:\/\/www.camarenahealth.org\/es\/#\/schema\/logo\/image\/"}}]}},"_links":{"self":[{"href":"https:\/\/www.camarenahealth.org\/es\/wp-json\/wp\/v2\/pages\/24913","targetHints":{"allow":["GET"]}}],"collection":[{"href":"https:\/\/www.camarenahealth.org\/es\/wp-json\/wp\/v2\/pages"}],"about":[{"href":"https:\/\/www.camarenahealth.org\/es\/wp-json\/wp\/v2\/types\/page"}],"author":[{"embeddable":true,"href":"https:\/\/www.camarenahealth.org\/es\/wp-json\/wp\/v2\/users\/1"}],"replies":[{"embeddable":true,"href":"https:\/\/www.camarenahealth.org\/es\/wp-json\/wp\/v2\/comments?post=24913"}],"version-history":[{"count":0,"href":"https:\/\/www.camarenahealth.org\/es\/wp-json\/wp\/v2\/pages\/24913\/revisions"}],"up":[{"embeddable":true,"href":"https:\/\/www.camarenahealth.org\/es\/wp-json\/wp\/v2\/pages\/25260"}],"wp:attachment":[{"href":"https:\/\/www.camarenahealth.org\/es\/wp-json\/wp\/v2\/media?parent=24913"}],"curies":[{"name":"wp","href":"https:\/\/api.w.org\/{rel}","templated":true}]}}