{"id":25271,"date":"2017-06-27T22:26:21","date_gmt":"2017-06-28T05:26:21","guid":{"rendered":"https:\/\/www.camarenahealth.org\/sobre-nosotros\/i-%e2%99%a5-salud-camarena\/"},"modified":"2022-08-17T13:50:07","modified_gmt":"2022-08-17T20:50:07","slug":"i-%e2%99%a5-salud-camarena","status":"publish","type":"page","link":"https:\/\/www.camarenahealth.org\/es\/sobre-nosotros\/i-%e2%99%a5-salud-camarena\/","title":{"rendered":"I \u2665 Salud Camarena"},"content":{"rendered":"<div class=\"wpb-content-wrapper\"><p>[vc_row equal_height=&#8221;yes&#8221; content_placement=&#8221;middle&#8221; bg_type=&#8221;bg_color&#8221; bg_override=&#8221;full&#8221; el_class=&#8221;dark&#8221; css=&#8221;.vc_custom_1642801809943{padding-top: 50px !important;padding-bottom: 50px !important;}&#8221; bg_color_value=&#8221;#ff8b00&#8243;][vc_column width=&#8221;1\/3&#8243;][vc_single_image image=&#8221;163&#8243; img_size=&#8221;full&#8221; alignment=&#8221;center&#8221;][\/vc_column][vc_column width=&#8221;2\/3&#8243;][vc_column_text]Camarena Health aboga ante los l\u00edderes locales, estatales y nacionales, as\u00ed como ante las principales partes interesadas, para lograr objetivos que aumenten la fuerza de nuestro centro de salud en la comunidad y apoyen la prestaci\u00f3n eficaz de una atenci\u00f3n sanitaria de alta calidad y accesible para nuestros pacientes. En 2016, Camarena Health particip\u00f3 en un proyecto de promoci\u00f3n con la Asociaci\u00f3n Nacional de Centros de Salud Comunitarios (NACH). Camarena Health desarroll\u00f3 la campa\u00f1a &#8220;I Heart Camarena Advocacy Campaign&#8221; para involucrar y educar a nuestros pacientes, personal y miembros de la comunidad sobre las formas en que pueden ser defensores de Camarena Health y de los centros de salud comunitarios en todo el pa\u00eds.[\/vc_column_text][\/vc_column][\/vc_row][vc_row bg_type=&#8221;image&#8221; parallax_style=&#8221;vcpb-default&#8221; bg_image_new=&#8221;id^899|url^https:\/\/www.camarenahealth.org\/wp-content\/uploads\/2017\/06\/I-Heart-Camarena_Wood-BG.jpg|caption^null|alt^null|title^I-Heart-Camarena_Wood-BG|description^null&#8221; bg_image_repeat=&#8221;no-repeat&#8221; bg_override=&#8221;full&#8221; css=&#8221;.vc_custom_1519680795860{margin-bottom: 0px !important;padding-top: 80px !important;padding-bottom: 0px !important;}&#8221; el_class=&#8221;testimonial-notebook&#8221;][vc_column css=&#8221;.vc_custom_1500495030768{margin-bottom: 0px !important;padding-bottom: 0px !important;}&#8221;][vc_row_inner css=&#8221;.vc_custom_1519681089014{background-image: url(https:\/\/www.camarenahealth.org\/wp-content\/uploads\/2017\/06\/I-Heart-Camarena_Notebook-BG.png?id=890) !important;background-position: center !important;background-repeat: no-repeat !important;background-size: cover !important;}&#8221; el_class=&#8221;notebook-bg&#8221;][vc_column_inner css=&#8221;.vc_custom_1508186611036{padding-top: 100px !important;padding-right: 100px !important;padding-bottom: 80px !important;padding-left: 80px !important;}&#8221; offset=&#8221;vc_col-lg-6 vc_col-md-6 vc_col-xs-12&#8243;][vc_custom_heading text=&#8221;La campa\u00f1a de promoci\u00f3n &#8220;I Heart Camarena&#8220; lleg\u00f3 a m\u00e1s de 200 personas que estaban interesadas en ser defensores de la salud de Camarena al compartir sus historias personales de por qu\u00e9 &#8220;HEART CAMARENA&#8220;. Tambi\u00e9n recibieron alertas sobre las oportunidades estatales y nacionales para participar en la defensa de los derechos a trav\u00e9s de la escritura de cartas, llamando a los funcionarios electos, y uni\u00e9ndose a Camarena Health para educar sobre la importancia de los centros de salud comunitarios.&#8221; font_container=&#8221;tag:p|font_size:18px|text_align:left|line_height:36px&#8221; use_theme_fonts=&#8221;yes&#8221;][\/vc_column_inner][vc_column_inner css=&#8221;.vc_custom_1508186331712{padding-top: 100px !important;padding-right: 80px !important;padding-bottom: 80px !important;padding-left: 100px !important;}&#8221; offset=&#8221;vc_col-lg-6 vc_col-md-6 vc_col-xs-12&#8243;]<div id=\"ult-carousel-422972054169f45fb8c6977\" class=\"ult-carousel-wrapper   ult_horizontal\" data-gutter=\"15\" data-rtl=\"false\" ><div class=\"ult-carousel-20482140869f45fb8c6923 \" >[vc_custom_heading text=&#8221;Creo que Camarena Health es un gran proveedor y seguir\u00e1 ayudando a mejorar las comunidades a las que sirve.<\/p>\n<p>Alexandria K. &#8211; Estudiante del Condado de Madera&#8221; font_container=&#8221;tag:h3|font_size:28px|text_align:left|line_height:46px&#8221; google_fonts=&#8221;font_family:Indie%20Flower%3Aregular|font_style:400%20regular%3A400%3Anormal&#8221;][vc_custom_heading text=&#8221;&#8220;Yo Coraz\u00f3n Camarena porque ayudan a los que no tienen recursos para hacerlo.&#8220;<\/p>\n<p>Leandra V- Chowchilla&#8221; font_container=&#8221;tag:h3|font_size:28px|text_align:left|line_height:46px&#8221; google_fonts=&#8221;font_family:Indie%20Flower%3Aregular|font_style:400%20regular%3A400%3Anormal&#8221;][vc_custom_heading text=&#8221;&#8220;Yo soy paciente de Camarena por mas de 19 a\u00f1os y estoy contenta con el servicio que medan en la clinica.&#8220;<\/p>\n<p>Rosalinda R. &#8211; Condado de Madera&#8221; font_container=&#8221;tag:h3|font_size:28px|text_align:left|line_height:46px&#8221; google_fonts=&#8221;font_family:Indie%20Flower%3Aregular|font_style:400%20regular%3A400%3Anormal&#8221;]<\/div><\/div>\t\t\t<script type=\"text\/javascript\">\n\t\t\t\tjQuery(document).ready(function ($) {\n\t\t\t\t\tif( typeof jQuery('.ult-carousel-20482140869f45fb8c6923').slick == \"function\"){\n\t\t\t\t\t\t$('.ult-carousel-20482140869f45fb8c6923').slick({dots: false,autoplay: true,autoplaySpeed: \"5000\",speed: \"300\",infinite: true,arrows: true,nextArrow: '<button type=\"button\" role=\"button\" aria-label=\"Next\" style=\"color:#333333; font-size:20px;\" class=\"slick-next default\"><i class=\"ultsl-arrow-right4\"><\/i><\/button>',prevArrow: '<button type=\"button\" role=\"button\" aria-label=\"Previous\" style=\"color:#333333; font-size:20px;\" class=\"slick-prev default\"><i class=\"ultsl-arrow-left4\"><\/i><\/button>',slidesToScroll:1,slidesToShow:1,swipe: true,draggable: true,touchMove: true,pauseOnHover: true,pauseOnFocus: false,responsive: [\n\t\t\t\t\t\t\t{\n\t\t\t\t\t\t\t  breakpoint: 1026,\n\t\t\t\t\t\t\t  settings: {\n\t\t\t\t\t\t\t\tslidesToShow: 1,\n\t\t\t\t\t\t\t\tslidesToScroll: 1,  \n\t\t\t\t\t\t\t  }\n\t\t\t\t\t\t\t},\n\t\t\t\t\t\t\t{\n\t\t\t\t\t\t\t  breakpoint: 1025,\n\t\t\t\t\t\t\t  settings: {\n\t\t\t\t\t\t\t\tslidesToShow: 1,\n\t\t\t\t\t\t\t\tslidesToScroll: 1\n\t\t\t\t\t\t\t  }\n\t\t\t\t\t\t\t},\n\t\t\t\t\t\t\t{\n\t\t\t\t\t\t\t  breakpoint: 760,\n\t\t\t\t\t\t\t  settings: {\n\t\t\t\t\t\t\t\tslidesToShow: 1,\n\t\t\t\t\t\t\t\tslidesToScroll: 1\n\t\t\t\t\t\t\t  }\n\t\t\t\t\t\t\t}\n\t\t\t\t\t\t],pauseOnDotsHover: true,customPaging: function(slider, i) {\n                   return '<i type=\"button\" style= \"color:#333333;\" class=\"ultsl-record\" data-role=\"none\"><\/i>';\n                },});\n\t\t\t\t\t}\n\t\t\t\t});\n\t\t\t<\/script>\n\t\t\t[\/vc_column_inner][\/vc_row_inner][\/vc_column][\/vc_row]<\/p>\n<\/div>","protected":false},"excerpt":{"rendered":"<p>[vc_row equal_height=&#8221;yes&#8221; content_placement=&#8221;middle&#8221; bg_type=&#8221;bg_color&#8221; bg_override=&#8221;full&#8221; el_class=&#8221;dark&#8221; css=&#8221;.vc_custom_1642801809943{padding-top: 50px !important;padding-bottom: 50px !important;}&#8221; bg_color_value=&#8221;#ff8b00&#8243;][vc_column width=&#8221;1\/3&#8243;][vc_single_image image=&#8221;163&#8243; img_size=&#8221;full&#8221; alignment=&#8221;center&#8221;][\/vc_column][vc_column width=&#8221;2\/3&#8243;][vc_column_text]Camarena Health aboga ante los l\u00edderes locales, estatales y nacionales, as\u00ed como ante las principales partes interesadas, para lograr objetivos que aumenten la fuerza de nuestro centro de salud en la comunidad y apoyen la prestaci\u00f3n eficaz de una&hellip;<\/p>\n","protected":false},"author":1,"featured_media":0,"parent":25260,"menu_order":0,"comment_status":"closed","ping_status":"closed","template":"","meta":{"footnotes":""},"class_list":["post-25271","page","type-page","status-publish","hentry","description-off"],"yoast_head":"<!-- This site is optimized with the Yoast SEO plugin v27.4 - https:\/\/yoast.com\/product\/yoast-seo-wordpress\/ -->\n<title>I \u2665 Salud Camarena - Camarena Health<\/title>\n<meta name=\"robots\" content=\"index, follow, max-snippet:-1, max-image-preview:large, max-video-preview:-1\" \/>\n<link rel=\"canonical\" href=\"https:\/\/www.camarenahealth.org\/es\/sobre-nosotros\/i-%e2%99%a5-salud-camarena\/\" \/>\n<meta property=\"og:locale\" content=\"es_ES\" \/>\n<meta property=\"og:type\" content=\"article\" \/>\n<meta property=\"og:title\" content=\"I \u2665 Salud Camarena - Camarena Health\" \/>\n<meta property=\"og:description\" content=\"[vc_row equal_height=&#8221;yes&#8221; content_placement=&#8221;middle&#8221; bg_type=&#8221;bg_color&#8221; bg_override=&#8221;full&#8221; el_class=&#8221;dark&#8221; css=&#8221;.vc_custom_1642801809943{padding-top: 50px !important;padding-bottom: 50px !important;}&#8221; bg_color_value=&#8221;#ff8b00&#8243;][vc_column width=&#8221;1\/3&#8243;][vc_single_image image=&#8221;163&#8243; img_size=&#8221;full&#8221; alignment=&#8221;center&#8221;][\/vc_column][vc_column width=&#8221;2\/3&#8243;][vc_column_text]Camarena Health aboga ante los l\u00edderes locales, estatales y nacionales, as\u00ed como ante las principales partes interesadas, para lograr objetivos que aumenten la fuerza de nuestro centro de salud en la comunidad y apoyen la prestaci\u00f3n eficaz de una&hellip;\" \/>\n<meta property=\"og:url\" content=\"https:\/\/www.camarenahealth.org\/es\/sobre-nosotros\/i-%e2%99%a5-salud-camarena\/\" \/>\n<meta property=\"og:site_name\" content=\"Camarena Health\" \/>\n<meta property=\"article:modified_time\" content=\"2022-08-17T20:50:07+00:00\" \/>\n<meta name=\"twitter:card\" content=\"summary_large_image\" \/>\n<meta name=\"twitter:label1\" content=\"Tiempo de lectura\" \/>\n\t<meta name=\"twitter:data1\" content=\"2 minutos\" \/>\n<script type=\"application\/ld+json\" class=\"yoast-schema-graph\">{\"@context\":\"https:\\\/\\\/schema.org\",\"@graph\":[{\"@type\":\"WebPage\",\"@id\":\"https:\\\/\\\/www.camarenahealth.org\\\/es\\\/sobre-nosotros\\\/i-%e2%99%a5-salud-camarena\\\/\",\"url\":\"https:\\\/\\\/www.camarenahealth.org\\\/es\\\/sobre-nosotros\\\/i-%e2%99%a5-salud-camarena\\\/\",\"name\":\"I \u2665 Salud Camarena - Camarena Health\",\"isPartOf\":{\"@id\":\"https:\\\/\\\/www.camarenahealth.org\\\/es\\\/#website\"},\"datePublished\":\"2017-06-28T05:26:21+00:00\",\"dateModified\":\"2022-08-17T20:50:07+00:00\",\"breadcrumb\":{\"@id\":\"https:\\\/\\\/www.camarenahealth.org\\\/es\\\/sobre-nosotros\\\/i-%e2%99%a5-salud-camarena\\\/#breadcrumb\"},\"inLanguage\":\"es\",\"potentialAction\":[{\"@type\":\"ReadAction\",\"target\":[\"https:\\\/\\\/www.camarenahealth.org\\\/es\\\/sobre-nosotros\\\/i-%e2%99%a5-salud-camarena\\\/\"]}]},{\"@type\":\"BreadcrumbList\",\"@id\":\"https:\\\/\\\/www.camarenahealth.org\\\/es\\\/sobre-nosotros\\\/i-%e2%99%a5-salud-camarena\\\/#breadcrumb\",\"itemListElement\":[{\"@type\":\"ListItem\",\"position\":1,\"name\":\"Home\",\"item\":\"https:\\\/\\\/www.camarenahealth.org\\\/es\\\/salud-camarena\\\/\"},{\"@type\":\"ListItem\",\"position\":2,\"name\":\"Sobre nosotros\",\"item\":\"https:\\\/\\\/www.camarenahealth.org\\\/es\\\/sobre-nosotros\\\/\"},{\"@type\":\"ListItem\",\"position\":3,\"name\":\"I \u2665 Salud Camarena\"}]},{\"@type\":\"WebSite\",\"@id\":\"https:\\\/\\\/www.camarenahealth.org\\\/es\\\/#website\",\"url\":\"https:\\\/\\\/www.camarenahealth.org\\\/es\\\/\",\"name\":\"Camarena Health\",\"description\":\"We Are Community. We Are Family. We Are Health.\",\"publisher\":{\"@id\":\"https:\\\/\\\/www.camarenahealth.org\\\/es\\\/#organization\"},\"potentialAction\":[{\"@type\":\"SearchAction\",\"target\":{\"@type\":\"EntryPoint\",\"urlTemplate\":\"https:\\\/\\\/www.camarenahealth.org\\\/es\\\/?s={search_term_string}\"},\"query-input\":{\"@type\":\"PropertyValueSpecification\",\"valueRequired\":true,\"valueName\":\"search_term_string\"}}],\"inLanguage\":\"es\"},{\"@type\":\"Organization\",\"@id\":\"https:\\\/\\\/www.camarenahealth.org\\\/es\\\/#organization\",\"name\":\"Camarena Health\",\"url\":\"https:\\\/\\\/www.camarenahealth.org\\\/es\\\/\",\"logo\":{\"@type\":\"ImageObject\",\"inLanguage\":\"es\",\"@id\":\"https:\\\/\\\/www.camarenahealth.org\\\/es\\\/#\\\/schema\\\/logo\\\/image\\\/\",\"url\":\"https:\\\/\\\/www.camarenahealth.org\\\/wp-content\\\/uploads\\\/2021\\\/12\\\/Camarena-Health_2022-Logo.svg\",\"contentUrl\":\"https:\\\/\\\/www.camarenahealth.org\\\/wp-content\\\/uploads\\\/2021\\\/12\\\/Camarena-Health_2022-Logo.svg\",\"width\":1920,\"height\":382,\"caption\":\"Camarena Health\"},\"image\":{\"@id\":\"https:\\\/\\\/www.camarenahealth.org\\\/es\\\/#\\\/schema\\\/logo\\\/image\\\/\"}}]}<\/script>\n<!-- \/ Yoast SEO plugin. -->","yoast_head_json":{"title":"I \u2665 Salud Camarena - Camarena Health","robots":{"index":"index","follow":"follow","max-snippet":"max-snippet:-1","max-image-preview":"max-image-preview:large","max-video-preview":"max-video-preview:-1"},"canonical":"https:\/\/www.camarenahealth.org\/es\/sobre-nosotros\/i-%e2%99%a5-salud-camarena\/","og_locale":"es_ES","og_type":"article","og_title":"I \u2665 Salud Camarena - Camarena Health","og_description":"[vc_row equal_height=&#8221;yes&#8221; content_placement=&#8221;middle&#8221; bg_type=&#8221;bg_color&#8221; bg_override=&#8221;full&#8221; el_class=&#8221;dark&#8221; css=&#8221;.vc_custom_1642801809943{padding-top: 50px !important;padding-bottom: 50px !important;}&#8221; bg_color_value=&#8221;#ff8b00&#8243;][vc_column width=&#8221;1\/3&#8243;][vc_single_image image=&#8221;163&#8243; img_size=&#8221;full&#8221; alignment=&#8221;center&#8221;][\/vc_column][vc_column width=&#8221;2\/3&#8243;][vc_column_text]Camarena Health aboga ante los l\u00edderes locales, estatales y nacionales, as\u00ed como ante las principales partes interesadas, para lograr objetivos que aumenten la fuerza de nuestro centro de salud en la comunidad y apoyen la prestaci\u00f3n eficaz de una&hellip;","og_url":"https:\/\/www.camarenahealth.org\/es\/sobre-nosotros\/i-%e2%99%a5-salud-camarena\/","og_site_name":"Camarena Health","article_modified_time":"2022-08-17T20:50:07+00:00","twitter_card":"summary_large_image","twitter_misc":{"Tiempo de lectura":"2 minutos"},"schema":{"@context":"https:\/\/schema.org","@graph":[{"@type":"WebPage","@id":"https:\/\/www.camarenahealth.org\/es\/sobre-nosotros\/i-%e2%99%a5-salud-camarena\/","url":"https:\/\/www.camarenahealth.org\/es\/sobre-nosotros\/i-%e2%99%a5-salud-camarena\/","name":"I \u2665 Salud Camarena - Camarena Health","isPartOf":{"@id":"https:\/\/www.camarenahealth.org\/es\/#website"},"datePublished":"2017-06-28T05:26:21+00:00","dateModified":"2022-08-17T20:50:07+00:00","breadcrumb":{"@id":"https:\/\/www.camarenahealth.org\/es\/sobre-nosotros\/i-%e2%99%a5-salud-camarena\/#breadcrumb"},"inLanguage":"es","potentialAction":[{"@type":"ReadAction","target":["https:\/\/www.camarenahealth.org\/es\/sobre-nosotros\/i-%e2%99%a5-salud-camarena\/"]}]},{"@type":"BreadcrumbList","@id":"https:\/\/www.camarenahealth.org\/es\/sobre-nosotros\/i-%e2%99%a5-salud-camarena\/#breadcrumb","itemListElement":[{"@type":"ListItem","position":1,"name":"Home","item":"https:\/\/www.camarenahealth.org\/es\/salud-camarena\/"},{"@type":"ListItem","position":2,"name":"Sobre nosotros","item":"https:\/\/www.camarenahealth.org\/es\/sobre-nosotros\/"},{"@type":"ListItem","position":3,"name":"I \u2665 Salud Camarena"}]},{"@type":"WebSite","@id":"https:\/\/www.camarenahealth.org\/es\/#website","url":"https:\/\/www.camarenahealth.org\/es\/","name":"Camarena Health","description":"We Are Community. We Are Family. We Are Health.","publisher":{"@id":"https:\/\/www.camarenahealth.org\/es\/#organization"},"potentialAction":[{"@type":"SearchAction","target":{"@type":"EntryPoint","urlTemplate":"https:\/\/www.camarenahealth.org\/es\/?s={search_term_string}"},"query-input":{"@type":"PropertyValueSpecification","valueRequired":true,"valueName":"search_term_string"}}],"inLanguage":"es"},{"@type":"Organization","@id":"https:\/\/www.camarenahealth.org\/es\/#organization","name":"Camarena Health","url":"https:\/\/www.camarenahealth.org\/es\/","logo":{"@type":"ImageObject","inLanguage":"es","@id":"https:\/\/www.camarenahealth.org\/es\/#\/schema\/logo\/image\/","url":"https:\/\/www.camarenahealth.org\/wp-content\/uploads\/2021\/12\/Camarena-Health_2022-Logo.svg","contentUrl":"https:\/\/www.camarenahealth.org\/wp-content\/uploads\/2021\/12\/Camarena-Health_2022-Logo.svg","width":1920,"height":382,"caption":"Camarena Health"},"image":{"@id":"https:\/\/www.camarenahealth.org\/es\/#\/schema\/logo\/image\/"}}]}},"_links":{"self":[{"href":"https:\/\/www.camarenahealth.org\/es\/wp-json\/wp\/v2\/pages\/25271","targetHints":{"allow":["GET"]}}],"collection":[{"href":"https:\/\/www.camarenahealth.org\/es\/wp-json\/wp\/v2\/pages"}],"about":[{"href":"https:\/\/www.camarenahealth.org\/es\/wp-json\/wp\/v2\/types\/page"}],"author":[{"embeddable":true,"href":"https:\/\/www.camarenahealth.org\/es\/wp-json\/wp\/v2\/users\/1"}],"replies":[{"embeddable":true,"href":"https:\/\/www.camarenahealth.org\/es\/wp-json\/wp\/v2\/comments?post=25271"}],"version-history":[{"count":0,"href":"https:\/\/www.camarenahealth.org\/es\/wp-json\/wp\/v2\/pages\/25271\/revisions"}],"up":[{"embeddable":true,"href":"https:\/\/www.camarenahealth.org\/es\/wp-json\/wp\/v2\/pages\/25260"}],"wp:attachment":[{"href":"https:\/\/www.camarenahealth.org\/es\/wp-json\/wp\/v2\/media?parent=25271"}],"curies":[{"name":"wp","href":"https:\/\/api.w.org\/{rel}","templated":true}]}}