{"id":25277,"date":"2017-06-27T22:31:59","date_gmt":"2017-06-28T05:31:59","guid":{"rendered":"https:\/\/www.camarenahealth.org\/programas\/asientos-de-coche-para-ninos\/"},"modified":"2022-08-17T14:23:19","modified_gmt":"2022-08-17T21:23:19","slug":"asientos-de-coche-para-ninos","status":"publish","type":"page","link":"https:\/\/www.camarenahealth.org\/es\/programas\/asientos-de-coche-para-ninos\/","title":{"rendered":"Asientos de coche para ni\u00f1os"},"content":{"rendered":"<div class=\"wpb-content-wrapper\"><p>[vc_row bg_type=&#8221;image&#8221; parallax_style=&#8221;vcpb-vz-jquery&#8221; bg_image_new=&#8221;id^119|url^https:\/\/www.camarenahealth.org\/wp-content\/uploads\/2017\/06\/White-Circle-BG.jpg|caption^null|alt^null|title^White-Circle-BG|description^null&#8221; bg_image_repeat=&#8221;no-repeat&#8221; bg_override=&#8221;full&#8221; css=&#8221;.vc_custom_1501180915460{padding-top: 50px !important;padding-bottom: 50px !important;}&#8221;][vc_column width=&#8221;1\/2&#8243;][vc_column_text]<\/p>\n<h2>Asientos de coche para ni\u00f1os<\/h2>\n<p>El Programa de Sillas de Auto de Camarena Health es una clase interactiva, educativa y pr\u00e1ctica para pacientes y miembros de la comunidad, facilitada por T\u00e9cnicos Certificados en Pasajeros Infantiles. El programa se desarroll\u00f3 en 1993 en colaboraci\u00f3n con nuestra oficina local de la Patrulla de Carreteras de California, financiado con una subvenci\u00f3n de la Administraci\u00f3n Nacional de Seguridad Vial. Una vez que esta subvenci\u00f3n expir\u00f3, el centro de salud continu\u00f3 con el programa como demostraci\u00f3n de su compromiso de reducir las lesiones no intencionadas de los ni\u00f1os de nuestra comunidad debidas al no uso o al uso incorrecto de los asientos de seguridad para ni\u00f1os. Nuestra organizaci\u00f3n ha recibido fondos de Kids&#8217; Plates, State Farm, y los esfuerzos de recaudaci\u00f3n de fondos de Trees for Charity y del Torneo Anual de Golf de Camarena Health a lo largo de la existencia del programa.[\/vc_column_text]<style type=\"text\/css\" data-type=\"the7_shortcodes-inline-css\">#default-btn-903cb8f6703dff0342d019476d70f856.ico-right-side > i {\n  margin-right: 0px;\n  margin-left: 8px;\n}\n#default-btn-903cb8f6703dff0342d019476d70f856 > i {\n  margin-right: 8px;\n}<\/style><a href=\"https:\/\/www.camarenahealth.org\/es\/clases-de-asientos-para-el-coche\/\" class=\"default-btn-shortcode dt-btn dt-btn-m link-hover-off btn-inline-left \" id=\"default-btn-903cb8f6703dff0342d019476d70f856\"><span>Lea m\u00e1s en nuestro art\u00edculo completo<\/span><\/a>[vc_column_text]<div class=\"gap\" style=\"line-height: 20px; height: 20px;\"><\/div>\n<p><span style=\"color: #808080;\"><em>Para m\u00e1s informaci\u00f3n sobre las sillas de coche para ni\u00f1os, contacte con el (559) 664-4000. <\/em><\/span>[\/vc_column_text][\/vc_column][vc_column width=&#8221;1\/2&#8243;][vc_single_image image=&#8221;1019&#8243; img_size=&#8221;full&#8221; alignment=&#8221;center&#8221;][\/vc_column][\/vc_row]<\/p>\n<\/div>","protected":false},"excerpt":{"rendered":"<p>[vc_row bg_type=&#8221;image&#8221; parallax_style=&#8221;vcpb-vz-jquery&#8221; bg_image_new=&#8221;id^119|url^https:\/\/www.camarenahealth.org\/wp-content\/uploads\/2017\/06\/White-Circle-BG.jpg|caption^null|alt^null|title^White-Circle-BG|description^null&#8221; bg_image_repeat=&#8221;no-repeat&#8221; bg_override=&#8221;full&#8221; css=&#8221;.vc_custom_1501180915460{padding-top: 50px !important;padding-bottom: 50px !important;}&#8221;][vc_column width=&#8221;1\/2&#8243;][vc_column_text] Asientos de coche para ni\u00f1os El Programa de Sillas de Auto de Camarena Health es una clase interactiva, educativa y pr\u00e1ctica para pacientes y miembros de la comunidad, facilitada por T\u00e9cnicos Certificados en Pasajeros Infantiles. El programa se desarroll\u00f3 en 1993 en colaboraci\u00f3n&hellip;<\/p>\n","protected":false},"author":1,"featured_media":0,"parent":25274,"menu_order":0,"comment_status":"closed","ping_status":"closed","template":"","meta":{"footnotes":""},"class_list":["post-25277","page","type-page","status-publish","hentry","description-off"],"yoast_head":"<!-- This site is optimized with the Yoast SEO plugin v27.1.1 - https:\/\/yoast.com\/product\/yoast-seo-wordpress\/ -->\n<title>Asientos de coche para ni\u00f1os - Camarena Health<\/title>\n<meta name=\"robots\" content=\"index, follow, max-snippet:-1, max-image-preview:large, max-video-preview:-1\" \/>\n<link rel=\"canonical\" href=\"https:\/\/www.camarenahealth.org\/es\/programas\/asientos-de-coche-para-ninos\/\" \/>\n<meta property=\"og:locale\" content=\"es_ES\" \/>\n<meta property=\"og:type\" content=\"article\" \/>\n<meta property=\"og:title\" content=\"Asientos de coche para ni\u00f1os - Camarena Health\" \/>\n<meta property=\"og:description\" content=\"[vc_row bg_type=&#8221;image&#8221; parallax_style=&#8221;vcpb-vz-jquery&#8221; bg_image_new=&#8221;id^119|url^https:\/\/www.camarenahealth.org\/wp-content\/uploads\/2017\/06\/White-Circle-BG.jpg|caption^null|alt^null|title^White-Circle-BG|description^null&#8221; bg_image_repeat=&#8221;no-repeat&#8221; bg_override=&#8221;full&#8221; css=&#8221;.vc_custom_1501180915460{padding-top: 50px !important;padding-bottom: 50px !important;}&#8221;][vc_column width=&#8221;1\/2&#8243;][vc_column_text] Asientos de coche para ni\u00f1os El Programa de Sillas de Auto de Camarena Health es una clase interactiva, educativa y pr\u00e1ctica para pacientes y miembros de la comunidad, facilitada por T\u00e9cnicos Certificados en Pasajeros Infantiles. El programa se desarroll\u00f3 en 1993 en colaboraci\u00f3n&hellip;\" \/>\n<meta property=\"og:url\" content=\"https:\/\/www.camarenahealth.org\/es\/programas\/asientos-de-coche-para-ninos\/\" \/>\n<meta property=\"og:site_name\" content=\"Camarena Health\" \/>\n<meta property=\"article:modified_time\" content=\"2022-08-17T21:23:19+00:00\" \/>\n<meta name=\"twitter:card\" content=\"summary_large_image\" \/>\n<meta name=\"twitter:label1\" content=\"Tiempo de lectura\" \/>\n\t<meta name=\"twitter:data1\" content=\"1 minuto\" \/>\n<script type=\"application\/ld+json\" class=\"yoast-schema-graph\">{\"@context\":\"https:\/\/schema.org\",\"@graph\":[{\"@type\":\"WebPage\",\"@id\":\"https:\/\/www.camarenahealth.org\/es\/programas\/asientos-de-coche-para-ninos\/\",\"url\":\"https:\/\/www.camarenahealth.org\/es\/programas\/asientos-de-coche-para-ninos\/\",\"name\":\"Asientos de coche para ni\u00f1os - Camarena Health\",\"isPartOf\":{\"@id\":\"https:\/\/www.camarenahealth.org\/es\/#website\"},\"datePublished\":\"2017-06-28T05:31:59+00:00\",\"dateModified\":\"2022-08-17T21:23:19+00:00\",\"breadcrumb\":{\"@id\":\"https:\/\/www.camarenahealth.org\/es\/programas\/asientos-de-coche-para-ninos\/#breadcrumb\"},\"inLanguage\":\"es\",\"potentialAction\":[{\"@type\":\"ReadAction\",\"target\":[\"https:\/\/www.camarenahealth.org\/es\/programas\/asientos-de-coche-para-ninos\/\"]}]},{\"@type\":\"BreadcrumbList\",\"@id\":\"https:\/\/www.camarenahealth.org\/es\/programas\/asientos-de-coche-para-ninos\/#breadcrumb\",\"itemListElement\":[{\"@type\":\"ListItem\",\"position\":1,\"name\":\"Home\",\"item\":\"https:\/\/www.camarenahealth.org\/es\/salud-camarena\/\"},{\"@type\":\"ListItem\",\"position\":2,\"name\":\"Programas\",\"item\":\"https:\/\/www.camarenahealth.org\/es\/programas\/\"},{\"@type\":\"ListItem\",\"position\":3,\"name\":\"Asientos de coche para ni\u00f1os\"}]},{\"@type\":\"WebSite\",\"@id\":\"https:\/\/www.camarenahealth.org\/es\/#website\",\"url\":\"https:\/\/www.camarenahealth.org\/es\/\",\"name\":\"Camarena Health\",\"description\":\"We Are Community. We Are Family. We Are Health.\",\"publisher\":{\"@id\":\"https:\/\/www.camarenahealth.org\/es\/#organization\"},\"potentialAction\":[{\"@type\":\"SearchAction\",\"target\":{\"@type\":\"EntryPoint\",\"urlTemplate\":\"https:\/\/www.camarenahealth.org\/es\/?s={search_term_string}\"},\"query-input\":{\"@type\":\"PropertyValueSpecification\",\"valueRequired\":true,\"valueName\":\"search_term_string\"}}],\"inLanguage\":\"es\"},{\"@type\":\"Organization\",\"@id\":\"https:\/\/www.camarenahealth.org\/es\/#organization\",\"name\":\"Camarena Health\",\"url\":\"https:\/\/www.camarenahealth.org\/es\/\",\"logo\":{\"@type\":\"ImageObject\",\"inLanguage\":\"es\",\"@id\":\"https:\/\/www.camarenahealth.org\/es\/#\/schema\/logo\/image\/\",\"url\":\"https:\/\/www.camarenahealth.org\/wp-content\/uploads\/2021\/12\/Camarena-Health_2022-Logo.svg\",\"contentUrl\":\"https:\/\/www.camarenahealth.org\/wp-content\/uploads\/2021\/12\/Camarena-Health_2022-Logo.svg\",\"width\":1920,\"height\":382,\"caption\":\"Camarena Health\"},\"image\":{\"@id\":\"https:\/\/www.camarenahealth.org\/es\/#\/schema\/logo\/image\/\"}}]}<\/script>\n<!-- \/ Yoast SEO plugin. -->","yoast_head_json":{"title":"Asientos de coche para ni\u00f1os - Camarena Health","robots":{"index":"index","follow":"follow","max-snippet":"max-snippet:-1","max-image-preview":"max-image-preview:large","max-video-preview":"max-video-preview:-1"},"canonical":"https:\/\/www.camarenahealth.org\/es\/programas\/asientos-de-coche-para-ninos\/","og_locale":"es_ES","og_type":"article","og_title":"Asientos de coche para ni\u00f1os - Camarena Health","og_description":"[vc_row bg_type=&#8221;image&#8221; parallax_style=&#8221;vcpb-vz-jquery&#8221; bg_image_new=&#8221;id^119|url^https:\/\/www.camarenahealth.org\/wp-content\/uploads\/2017\/06\/White-Circle-BG.jpg|caption^null|alt^null|title^White-Circle-BG|description^null&#8221; bg_image_repeat=&#8221;no-repeat&#8221; bg_override=&#8221;full&#8221; css=&#8221;.vc_custom_1501180915460{padding-top: 50px !important;padding-bottom: 50px !important;}&#8221;][vc_column width=&#8221;1\/2&#8243;][vc_column_text] Asientos de coche para ni\u00f1os El Programa de Sillas de Auto de Camarena Health es una clase interactiva, educativa y pr\u00e1ctica para pacientes y miembros de la comunidad, facilitada por T\u00e9cnicos Certificados en Pasajeros Infantiles. El programa se desarroll\u00f3 en 1993 en colaboraci\u00f3n&hellip;","og_url":"https:\/\/www.camarenahealth.org\/es\/programas\/asientos-de-coche-para-ninos\/","og_site_name":"Camarena Health","article_modified_time":"2022-08-17T21:23:19+00:00","twitter_card":"summary_large_image","twitter_misc":{"Tiempo de lectura":"1 minuto"},"schema":{"@context":"https:\/\/schema.org","@graph":[{"@type":"WebPage","@id":"https:\/\/www.camarenahealth.org\/es\/programas\/asientos-de-coche-para-ninos\/","url":"https:\/\/www.camarenahealth.org\/es\/programas\/asientos-de-coche-para-ninos\/","name":"Asientos de coche para ni\u00f1os - Camarena Health","isPartOf":{"@id":"https:\/\/www.camarenahealth.org\/es\/#website"},"datePublished":"2017-06-28T05:31:59+00:00","dateModified":"2022-08-17T21:23:19+00:00","breadcrumb":{"@id":"https:\/\/www.camarenahealth.org\/es\/programas\/asientos-de-coche-para-ninos\/#breadcrumb"},"inLanguage":"es","potentialAction":[{"@type":"ReadAction","target":["https:\/\/www.camarenahealth.org\/es\/programas\/asientos-de-coche-para-ninos\/"]}]},{"@type":"BreadcrumbList","@id":"https:\/\/www.camarenahealth.org\/es\/programas\/asientos-de-coche-para-ninos\/#breadcrumb","itemListElement":[{"@type":"ListItem","position":1,"name":"Home","item":"https:\/\/www.camarenahealth.org\/es\/salud-camarena\/"},{"@type":"ListItem","position":2,"name":"Programas","item":"https:\/\/www.camarenahealth.org\/es\/programas\/"},{"@type":"ListItem","position":3,"name":"Asientos de coche para ni\u00f1os"}]},{"@type":"WebSite","@id":"https:\/\/www.camarenahealth.org\/es\/#website","url":"https:\/\/www.camarenahealth.org\/es\/","name":"Camarena Health","description":"We Are Community. We Are Family. We Are Health.","publisher":{"@id":"https:\/\/www.camarenahealth.org\/es\/#organization"},"potentialAction":[{"@type":"SearchAction","target":{"@type":"EntryPoint","urlTemplate":"https:\/\/www.camarenahealth.org\/es\/?s={search_term_string}"},"query-input":{"@type":"PropertyValueSpecification","valueRequired":true,"valueName":"search_term_string"}}],"inLanguage":"es"},{"@type":"Organization","@id":"https:\/\/www.camarenahealth.org\/es\/#organization","name":"Camarena Health","url":"https:\/\/www.camarenahealth.org\/es\/","logo":{"@type":"ImageObject","inLanguage":"es","@id":"https:\/\/www.camarenahealth.org\/es\/#\/schema\/logo\/image\/","url":"https:\/\/www.camarenahealth.org\/wp-content\/uploads\/2021\/12\/Camarena-Health_2022-Logo.svg","contentUrl":"https:\/\/www.camarenahealth.org\/wp-content\/uploads\/2021\/12\/Camarena-Health_2022-Logo.svg","width":1920,"height":382,"caption":"Camarena Health"},"image":{"@id":"https:\/\/www.camarenahealth.org\/es\/#\/schema\/logo\/image\/"}}]}},"_links":{"self":[{"href":"https:\/\/www.camarenahealth.org\/es\/wp-json\/wp\/v2\/pages\/25277","targetHints":{"allow":["GET"]}}],"collection":[{"href":"https:\/\/www.camarenahealth.org\/es\/wp-json\/wp\/v2\/pages"}],"about":[{"href":"https:\/\/www.camarenahealth.org\/es\/wp-json\/wp\/v2\/types\/page"}],"author":[{"embeddable":true,"href":"https:\/\/www.camarenahealth.org\/es\/wp-json\/wp\/v2\/users\/1"}],"replies":[{"embeddable":true,"href":"https:\/\/www.camarenahealth.org\/es\/wp-json\/wp\/v2\/comments?post=25277"}],"version-history":[{"count":0,"href":"https:\/\/www.camarenahealth.org\/es\/wp-json\/wp\/v2\/pages\/25277\/revisions"}],"up":[{"embeddable":true,"href":"https:\/\/www.camarenahealth.org\/es\/wp-json\/wp\/v2\/pages\/25274"}],"wp:attachment":[{"href":"https:\/\/www.camarenahealth.org\/es\/wp-json\/wp\/v2\/media?parent=25277"}],"curies":[{"name":"wp","href":"https:\/\/api.w.org\/{rel}","templated":true}]}}