{"id":25280,"date":"2017-06-27T22:32:21","date_gmt":"2017-06-28T05:32:21","guid":{"rendered":"https:\/\/www.camarenahealth.org\/programas\/extiende-la-mano-y-lee\/"},"modified":"2022-08-17T14:25:50","modified_gmt":"2022-08-17T21:25:50","slug":"extiende-la-mano-y-lee","status":"publish","type":"page","link":"https:\/\/www.camarenahealth.org\/es\/programas\/extiende-la-mano-y-lee\/","title":{"rendered":"Extiende la mano y lee"},"content":{"rendered":"<div class=\"wpb-content-wrapper\"><p>[vc_row bg_type=&#8221;image&#8221; parallax_style=&#8221;vcpb-vz-jquery&#8221; bg_image_new=&#8221;id^119|url^https:\/\/www.camarenahealth.org\/wp-content\/uploads\/2017\/06\/White-Circle-BG.jpg|caption^null|alt^null|title^White-Circle-BG|description^null&#8221; bg_image_repeat=&#8221;no-repeat&#8221; bg_override=&#8221;full&#8221; css=&#8221;.vc_custom_1501180978148{padding-top: 50px !important;padding-bottom: 50px !important;}&#8221;][vc_column width=&#8221;1\/2&#8243;][vc_single_image image=&#8221;1033&#8243; img_size=&#8221;full&#8221; alignment=&#8221;center&#8221;][\/vc_column][vc_column width=&#8221;1\/2&#8243;][vc_column_text]<\/p>\n<h2>Extiende la mano y lee<\/h2>\n<p>El programa de alfabetizaci\u00f3n de Camarena Health se puso en marcha en 2002 con la financiaci\u00f3n de Reach Out and Read y Reading is Fundamental. El programa promueve la alfabetizaci\u00f3n temprana de los ni\u00f1os de 6 meses a 5 a\u00f1os, proporcionando orientaci\u00f3n anticipada a los padres sobre la alfabetizaci\u00f3n temprana y la importancia de involucrar a su hijo mediante la lectura en voz alta, proporcionando consejos a los padres y dando un libro al ni\u00f1o. Camarena Health ofrece un nuevo libro gratuito, apropiado para el desarrollo y el lenguaje, a los pacientes pedi\u00e1tricos de 6 meses a 5 a\u00f1os. El ni\u00f1o recibe un libro gratuito durante su visita de control y otro libro en cualquier otra visita a la cl\u00ednica.<\/p>\n<p>Nuestros m\u00e9dicos y asistentes m\u00e9dicos aconsejan a los padres c\u00f3mo hacer participar al ni\u00f1o y leerle en voz alta; o, en los casos en los que el propio padre no sabe leer, les muestran c\u00f3mo interactuar con el ni\u00f1o sosteniendo el libro y se\u00f1alando los dibujos y haciendo sonidos para que sea divertido para el ni\u00f1o, destacando la importancia, desde el punto de vista del desarrollo, de la alfabetizaci\u00f3n temprana.[\/vc_column_text]<style type=\"text\/css\" data-type=\"the7_shortcodes-inline-css\">#default-btn-8d0cf2a92e8ab6b61d36fe3836494b09.ico-right-side > i {\n  margin-right: 0px;\n  margin-left: 8px;\n}\n#default-btn-8d0cf2a92e8ab6b61d36fe3836494b09 > i {\n  margin-right: 8px;\n}<\/style><a href=\"https:\/\/www.camarenahealth.org\/es\/extiende-la-mano-y-lee\/\" class=\"default-btn-shortcode dt-btn dt-btn-m link-hover-off btn-inline-left \" id=\"default-btn-8d0cf2a92e8ab6b61d36fe3836494b09\"><span>Lea m\u00e1s en nuestro art\u00edculo completo<\/span><\/a>[\/vc_column][\/vc_row]<\/p>\n<\/div>","protected":false},"excerpt":{"rendered":"<p>[vc_row bg_type=&#8221;image&#8221; parallax_style=&#8221;vcpb-vz-jquery&#8221; bg_image_new=&#8221;id^119|url^https:\/\/www.camarenahealth.org\/wp-content\/uploads\/2017\/06\/White-Circle-BG.jpg|caption^null|alt^null|title^White-Circle-BG|description^null&#8221; bg_image_repeat=&#8221;no-repeat&#8221; bg_override=&#8221;full&#8221; css=&#8221;.vc_custom_1501180978148{padding-top: 50px !important;padding-bottom: 50px !important;}&#8221;][vc_column width=&#8221;1\/2&#8243;][vc_single_image image=&#8221;1033&#8243; img_size=&#8221;full&#8221; alignment=&#8221;center&#8221;][\/vc_column][vc_column width=&#8221;1\/2&#8243;][vc_column_text] Extiende la mano y lee El programa de alfabetizaci\u00f3n de Camarena Health se puso en marcha en 2002 con la financiaci\u00f3n de Reach Out and Read y Reading is Fundamental. El programa promueve la alfabetizaci\u00f3n temprana de los ni\u00f1os&hellip;<\/p>\n","protected":false},"author":1,"featured_media":0,"parent":25274,"menu_order":0,"comment_status":"closed","ping_status":"closed","template":"","meta":{"footnotes":""},"class_list":["post-25280","page","type-page","status-publish","hentry","description-off"],"yoast_head":"<!-- This site is optimized with the Yoast SEO plugin v27.4 - https:\/\/yoast.com\/product\/yoast-seo-wordpress\/ -->\n<title>Extiende la mano y lee - Camarena Health<\/title>\n<meta name=\"robots\" content=\"index, follow, max-snippet:-1, max-image-preview:large, max-video-preview:-1\" \/>\n<link rel=\"canonical\" href=\"https:\/\/www.camarenahealth.org\/es\/programas\/extiende-la-mano-y-lee\/\" \/>\n<meta property=\"og:locale\" content=\"es_ES\" \/>\n<meta property=\"og:type\" content=\"article\" \/>\n<meta property=\"og:title\" content=\"Extiende la mano y lee - Camarena Health\" \/>\n<meta property=\"og:description\" content=\"[vc_row bg_type=&#8221;image&#8221; parallax_style=&#8221;vcpb-vz-jquery&#8221; bg_image_new=&#8221;id^119|url^https:\/\/www.camarenahealth.org\/wp-content\/uploads\/2017\/06\/White-Circle-BG.jpg|caption^null|alt^null|title^White-Circle-BG|description^null&#8221; bg_image_repeat=&#8221;no-repeat&#8221; bg_override=&#8221;full&#8221; css=&#8221;.vc_custom_1501180978148{padding-top: 50px !important;padding-bottom: 50px !important;}&#8221;][vc_column width=&#8221;1\/2&#8243;][vc_single_image image=&#8221;1033&#8243; img_size=&#8221;full&#8221; alignment=&#8221;center&#8221;][\/vc_column][vc_column width=&#8221;1\/2&#8243;][vc_column_text] Extiende la mano y lee El programa de alfabetizaci\u00f3n de Camarena Health se puso en marcha en 2002 con la financiaci\u00f3n de Reach Out and Read y Reading is Fundamental. El programa promueve la alfabetizaci\u00f3n temprana de los ni\u00f1os&hellip;\" \/>\n<meta property=\"og:url\" content=\"https:\/\/www.camarenahealth.org\/es\/programas\/extiende-la-mano-y-lee\/\" \/>\n<meta property=\"og:site_name\" content=\"Camarena Health\" \/>\n<meta property=\"article:modified_time\" content=\"2022-08-17T21:25:50+00:00\" \/>\n<meta name=\"twitter:card\" content=\"summary_large_image\" \/>\n<meta name=\"twitter:label1\" content=\"Tiempo de lectura\" \/>\n\t<meta name=\"twitter:data1\" content=\"1 minuto\" \/>\n<script type=\"application\/ld+json\" class=\"yoast-schema-graph\">{\"@context\":\"https:\\\/\\\/schema.org\",\"@graph\":[{\"@type\":\"WebPage\",\"@id\":\"https:\\\/\\\/www.camarenahealth.org\\\/es\\\/programas\\\/extiende-la-mano-y-lee\\\/\",\"url\":\"https:\\\/\\\/www.camarenahealth.org\\\/es\\\/programas\\\/extiende-la-mano-y-lee\\\/\",\"name\":\"Extiende la mano y lee - Camarena Health\",\"isPartOf\":{\"@id\":\"https:\\\/\\\/www.camarenahealth.org\\\/es\\\/#website\"},\"datePublished\":\"2017-06-28T05:32:21+00:00\",\"dateModified\":\"2022-08-17T21:25:50+00:00\",\"breadcrumb\":{\"@id\":\"https:\\\/\\\/www.camarenahealth.org\\\/es\\\/programas\\\/extiende-la-mano-y-lee\\\/#breadcrumb\"},\"inLanguage\":\"es\",\"potentialAction\":[{\"@type\":\"ReadAction\",\"target\":[\"https:\\\/\\\/www.camarenahealth.org\\\/es\\\/programas\\\/extiende-la-mano-y-lee\\\/\"]}]},{\"@type\":\"BreadcrumbList\",\"@id\":\"https:\\\/\\\/www.camarenahealth.org\\\/es\\\/programas\\\/extiende-la-mano-y-lee\\\/#breadcrumb\",\"itemListElement\":[{\"@type\":\"ListItem\",\"position\":1,\"name\":\"Home\",\"item\":\"https:\\\/\\\/www.camarenahealth.org\\\/es\\\/salud-camarena\\\/\"},{\"@type\":\"ListItem\",\"position\":2,\"name\":\"Programas\",\"item\":\"https:\\\/\\\/www.camarenahealth.org\\\/es\\\/programas\\\/\"},{\"@type\":\"ListItem\",\"position\":3,\"name\":\"Extiende la mano y lee\"}]},{\"@type\":\"WebSite\",\"@id\":\"https:\\\/\\\/www.camarenahealth.org\\\/es\\\/#website\",\"url\":\"https:\\\/\\\/www.camarenahealth.org\\\/es\\\/\",\"name\":\"Camarena Health\",\"description\":\"We Are Community. We Are Family. We Are Health.\",\"publisher\":{\"@id\":\"https:\\\/\\\/www.camarenahealth.org\\\/es\\\/#organization\"},\"potentialAction\":[{\"@type\":\"SearchAction\",\"target\":{\"@type\":\"EntryPoint\",\"urlTemplate\":\"https:\\\/\\\/www.camarenahealth.org\\\/es\\\/?s={search_term_string}\"},\"query-input\":{\"@type\":\"PropertyValueSpecification\",\"valueRequired\":true,\"valueName\":\"search_term_string\"}}],\"inLanguage\":\"es\"},{\"@type\":\"Organization\",\"@id\":\"https:\\\/\\\/www.camarenahealth.org\\\/es\\\/#organization\",\"name\":\"Camarena Health\",\"url\":\"https:\\\/\\\/www.camarenahealth.org\\\/es\\\/\",\"logo\":{\"@type\":\"ImageObject\",\"inLanguage\":\"es\",\"@id\":\"https:\\\/\\\/www.camarenahealth.org\\\/es\\\/#\\\/schema\\\/logo\\\/image\\\/\",\"url\":\"https:\\\/\\\/www.camarenahealth.org\\\/wp-content\\\/uploads\\\/2021\\\/12\\\/Camarena-Health_2022-Logo.svg\",\"contentUrl\":\"https:\\\/\\\/www.camarenahealth.org\\\/wp-content\\\/uploads\\\/2021\\\/12\\\/Camarena-Health_2022-Logo.svg\",\"width\":1920,\"height\":382,\"caption\":\"Camarena Health\"},\"image\":{\"@id\":\"https:\\\/\\\/www.camarenahealth.org\\\/es\\\/#\\\/schema\\\/logo\\\/image\\\/\"}}]}<\/script>\n<!-- \/ Yoast SEO plugin. -->","yoast_head_json":{"title":"Extiende la mano y lee - Camarena Health","robots":{"index":"index","follow":"follow","max-snippet":"max-snippet:-1","max-image-preview":"max-image-preview:large","max-video-preview":"max-video-preview:-1"},"canonical":"https:\/\/www.camarenahealth.org\/es\/programas\/extiende-la-mano-y-lee\/","og_locale":"es_ES","og_type":"article","og_title":"Extiende la mano y lee - Camarena Health","og_description":"[vc_row bg_type=&#8221;image&#8221; parallax_style=&#8221;vcpb-vz-jquery&#8221; bg_image_new=&#8221;id^119|url^https:\/\/www.camarenahealth.org\/wp-content\/uploads\/2017\/06\/White-Circle-BG.jpg|caption^null|alt^null|title^White-Circle-BG|description^null&#8221; bg_image_repeat=&#8221;no-repeat&#8221; bg_override=&#8221;full&#8221; css=&#8221;.vc_custom_1501180978148{padding-top: 50px !important;padding-bottom: 50px !important;}&#8221;][vc_column width=&#8221;1\/2&#8243;][vc_single_image image=&#8221;1033&#8243; img_size=&#8221;full&#8221; alignment=&#8221;center&#8221;][\/vc_column][vc_column width=&#8221;1\/2&#8243;][vc_column_text] Extiende la mano y lee El programa de alfabetizaci\u00f3n de Camarena Health se puso en marcha en 2002 con la financiaci\u00f3n de Reach Out and Read y Reading is Fundamental. El programa promueve la alfabetizaci\u00f3n temprana de los ni\u00f1os&hellip;","og_url":"https:\/\/www.camarenahealth.org\/es\/programas\/extiende-la-mano-y-lee\/","og_site_name":"Camarena Health","article_modified_time":"2022-08-17T21:25:50+00:00","twitter_card":"summary_large_image","twitter_misc":{"Tiempo de lectura":"1 minuto"},"schema":{"@context":"https:\/\/schema.org","@graph":[{"@type":"WebPage","@id":"https:\/\/www.camarenahealth.org\/es\/programas\/extiende-la-mano-y-lee\/","url":"https:\/\/www.camarenahealth.org\/es\/programas\/extiende-la-mano-y-lee\/","name":"Extiende la mano y lee - Camarena Health","isPartOf":{"@id":"https:\/\/www.camarenahealth.org\/es\/#website"},"datePublished":"2017-06-28T05:32:21+00:00","dateModified":"2022-08-17T21:25:50+00:00","breadcrumb":{"@id":"https:\/\/www.camarenahealth.org\/es\/programas\/extiende-la-mano-y-lee\/#breadcrumb"},"inLanguage":"es","potentialAction":[{"@type":"ReadAction","target":["https:\/\/www.camarenahealth.org\/es\/programas\/extiende-la-mano-y-lee\/"]}]},{"@type":"BreadcrumbList","@id":"https:\/\/www.camarenahealth.org\/es\/programas\/extiende-la-mano-y-lee\/#breadcrumb","itemListElement":[{"@type":"ListItem","position":1,"name":"Home","item":"https:\/\/www.camarenahealth.org\/es\/salud-camarena\/"},{"@type":"ListItem","position":2,"name":"Programas","item":"https:\/\/www.camarenahealth.org\/es\/programas\/"},{"@type":"ListItem","position":3,"name":"Extiende la mano y lee"}]},{"@type":"WebSite","@id":"https:\/\/www.camarenahealth.org\/es\/#website","url":"https:\/\/www.camarenahealth.org\/es\/","name":"Camarena Health","description":"We Are Community. We Are Family. We Are Health.","publisher":{"@id":"https:\/\/www.camarenahealth.org\/es\/#organization"},"potentialAction":[{"@type":"SearchAction","target":{"@type":"EntryPoint","urlTemplate":"https:\/\/www.camarenahealth.org\/es\/?s={search_term_string}"},"query-input":{"@type":"PropertyValueSpecification","valueRequired":true,"valueName":"search_term_string"}}],"inLanguage":"es"},{"@type":"Organization","@id":"https:\/\/www.camarenahealth.org\/es\/#organization","name":"Camarena Health","url":"https:\/\/www.camarenahealth.org\/es\/","logo":{"@type":"ImageObject","inLanguage":"es","@id":"https:\/\/www.camarenahealth.org\/es\/#\/schema\/logo\/image\/","url":"https:\/\/www.camarenahealth.org\/wp-content\/uploads\/2021\/12\/Camarena-Health_2022-Logo.svg","contentUrl":"https:\/\/www.camarenahealth.org\/wp-content\/uploads\/2021\/12\/Camarena-Health_2022-Logo.svg","width":1920,"height":382,"caption":"Camarena Health"},"image":{"@id":"https:\/\/www.camarenahealth.org\/es\/#\/schema\/logo\/image\/"}}]}},"_links":{"self":[{"href":"https:\/\/www.camarenahealth.org\/es\/wp-json\/wp\/v2\/pages\/25280","targetHints":{"allow":["GET"]}}],"collection":[{"href":"https:\/\/www.camarenahealth.org\/es\/wp-json\/wp\/v2\/pages"}],"about":[{"href":"https:\/\/www.camarenahealth.org\/es\/wp-json\/wp\/v2\/types\/page"}],"author":[{"embeddable":true,"href":"https:\/\/www.camarenahealth.org\/es\/wp-json\/wp\/v2\/users\/1"}],"replies":[{"embeddable":true,"href":"https:\/\/www.camarenahealth.org\/es\/wp-json\/wp\/v2\/comments?post=25280"}],"version-history":[{"count":0,"href":"https:\/\/www.camarenahealth.org\/es\/wp-json\/wp\/v2\/pages\/25280\/revisions"}],"up":[{"embeddable":true,"href":"https:\/\/www.camarenahealth.org\/es\/wp-json\/wp\/v2\/pages\/25274"}],"wp:attachment":[{"href":"https:\/\/www.camarenahealth.org\/es\/wp-json\/wp\/v2\/media?parent=25280"}],"curies":[{"name":"wp","href":"https:\/\/api.w.org\/{rel}","templated":true}]}}