{"id":25283,"date":"2017-06-27T22:32:40","date_gmt":"2017-06-28T05:32:40","guid":{"rendered":"https:\/\/www.camarenahealth.org\/programas\/beca\/"},"modified":"2022-08-17T14:18:07","modified_gmt":"2022-08-17T21:18:07","slug":"beca","status":"publish","type":"page","link":"https:\/\/www.camarenahealth.org\/es\/programas\/beca\/","title":{"rendered":"Beca"},"content":{"rendered":"<div class=\"wpb-content-wrapper\"><p>[vc_row bg_type=&#8221;image&#8221; parallax_style=&#8221;vcpb-vz-jquery&#8221; bg_image_new=&#8221;id^13105|url^https:\/\/www.camarenahealth.org\/wp-content\/uploads\/2020\/12\/Camarena-Health-Scholarship-Program-Header.jpg|caption^null|alt^null|title^Camarena Health Scholarship Program-Header|description^null&#8221; bg_image_repeat=&#8221;no-repeat&#8221; bg_override=&#8221;full&#8221;][vc_column][vc_empty_space height=&#8221;100px&#8221;][vc_single_image image=&#8221;19374&#8243; img_size=&#8221;full&#8221; alignment=&#8221;center&#8221; css_animation=&#8221;fadeInDown&#8221; image_hovers=&#8221;false&#8221;][vc_empty_space height=&#8221;40px&#8221;][vc_custom_heading text=&#8221;Orgullosos de invertir en nuestras comunidades.&#8221; font_container=&#8221;tag:h1|font_size:60|text_align:center|color:%23ffffff&#8221; use_theme_fonts=&#8221;yes&#8221; css_animation=&#8221;fadeInUp&#8221;][vc_empty_space height=&#8221;150px&#8221;][\/vc_column][\/vc_row][vc_row content_placement=&#8221;middle&#8221; bg_type=&#8221;image&#8221; parallax_style=&#8221;vcpb-vz-jquery&#8221; bg_image_new=&#8221;id^119|url^https:\/\/www.camarenahealth.org\/wp-content\/uploads\/2017\/06\/White-Circle-BG.jpg|caption^null|alt^null|title^White-Circle-BG|description^null&#8221; bg_image_repeat=&#8221;no-repeat&#8221; bg_override=&#8221;full&#8221; css=&#8221;.vc_custom_1501180806456{padding-top: 50px !important;padding-bottom: 50px !important;}&#8221;][vc_column width=&#8221;1\/2&#8243;][vc_column_text]Desde 1995, Camarena Health ha otorgado becas a estudiantes del condado de Madera con una carrera en el campo de la medicina. Los fondos se recaudan con la ayuda del Consejo de Administraci\u00f3n de Camarena Health, antiguos miembros del Consejo, empleados, pol\u00edticos locales y miembros de la comunidad. Las becas se conceden a los estudiantes que demuestran liderazgo, participaci\u00f3n en la comunidad, excelencia acad\u00e9mica y dedicaci\u00f3n a sus carreras.<\/p>\n<p>Para recibir esta beca, los estudiantes deben estar en el \u00faltimo a\u00f1o de la escuela secundaria y deben tener un GPA de 3.0 o m\u00e1s, presentar una solicitud detallando sus objetivos de carrera, logros acad\u00e9micos, participaci\u00f3n extracurricular y referencias.[\/vc_column_text]<style type=\"text\/css\" data-type=\"the7_shortcodes-inline-css\">#default-btn-5a83fcf19f76792a3656724e343ee177.ico-right-side > i {\n  margin-right: 0px;\n  margin-left: 8px;\n}\n#default-btn-5a83fcf19f76792a3656724e343ee177 > i {\n  margin-right: 8px;\n}<\/style><a href=\"https:\/\/www.camarenahealth.org\/wp-content\/uploads\/2021\/10\/2022-Camarena-Health-Scholarship-Application-Packet.pdf\" class=\"default-btn-shortcode dt-btn dt-btn-l link-hover-off btn-inline-left \" target=\"_blank\" id=\"default-btn-5a83fcf19f76792a3656724e343ee177\" rel=\"noopener\"><span>Descargar solicitud de beca<\/span><\/a>[vc_empty_space height=&#8221;30px&#8221;][\/vc_column][vc_column width=&#8221;1\/2&#8243;][vc_single_image image=&#8221;13107&#8243; img_size=&#8221;full&#8221; alignment=&#8221;center&#8221;][\/vc_column][\/vc_row][vc_row][vc_column][vc_empty_space][vc_single_image image=&#8221;19369&#8243; img_size=&#8221;full&#8221; alignment=&#8221;center&#8221; css_animation=&#8221;fadeInUp&#8221; image_hovers=&#8221;false&#8221;][\/vc_column][\/vc_row][vc_row][vc_column width=&#8221;1\/3&#8243;]<div class=\"stats-block stats-top  \"><div class=\"aio-icon-top\"><div class=\"ult-just-icon-wrapper  \"><div class=\"align-icon\" style=\"text-align:center;\">\n<div class=\"aio-icon none \" data-animation=\"slideInLeft\" data-animation-delay=\"03\" style=\"color:#00aa4f;font-size:70px;display:inline-block;\">\n\t<i class=\"Defaults-graduation-cap\"><\/i>\n<\/div><\/div><\/div><\/div><div class=\"stats-desc\" id=\"counter-responsv-wrap-9534\"><div id=\"counter_161620173469d633892a30a\" data-id=\"counter_161620173469d633892a30a\"  data-ultimate-target='#counter-responsv-wrap-9534 .stats-number'  data-responsive-json-new='{\"font-size\":\"desktop:60px;\",\"line-height\":\"\"}'  class=\"stats-number ult-responsive\" style=\"  color:#00aa4f;\" data-speed=\"3\" data-counter-value=\"185\" data-separator=\",\" data-decimal=\".\">0<\/div><div id=\"title-counter_161620173469d633892a30a\"  data-ultimate-target='#counter-responsv-wrap-9534 .stats-text'  data-responsive-json-new='{\"font-size\":\"\",\"line-height\":\"\"}'  class=\"stats-text ult-responsive\" style=\"font-size:18px;  \">Destinatarios<\/div><\/div><\/div>[\/vc_column][vc_column width=&#8221;1\/3&#8243;]<div class=\"stats-block stats-top  \"><div class=\"aio-icon-top\"><div class=\"ult-just-icon-wrapper  \"><div class=\"align-icon\" style=\"text-align:center;\">\n<div class=\"aio-icon none \" data-animation=\"slideInDown\" data-animation-delay=\"03\" style=\"color:#fcb03e;font-size:70px;display:inline-block;\">\n\t<i class=\"Defaults-dollar\"><\/i>\n<\/div><\/div><\/div><\/div><div class=\"stats-desc\" id=\"counter-responsv-wrap-2179\"><div id=\"counter_231977233869d633892a3f3\" data-id=\"counter_231977233869d633892a3f3\"  data-ultimate-target='#counter-responsv-wrap-2179 .stats-number'  data-responsive-json-new='{\"font-size\":\"desktop:60px;\",\"line-height\":\"\"}'  class=\"stats-number ult-responsive\" style=\"  color:#fcb03e;\" data-speed=\"3\" data-counter-value=\"278200\" data-separator=\",\" data-decimal=\".\">0<\/div><div id=\"title-counter_231977233869d633892a3f3\"  data-ultimate-target='#counter-responsv-wrap-2179 .stats-text'  data-responsive-json-new='{\"font-size\":\"\",\"line-height\":\"\"}'  class=\"stats-text ult-responsive\" style=\"font-size:18px;  \">D\u00f3lares entregados<\/div><\/div><\/div>[\/vc_column][vc_column width=&#8221;1\/3&#8243;]<div class=\"stats-block stats-top  \"><div class=\"aio-icon-top\"><div class=\"ult-just-icon-wrapper  \"><div class=\"align-icon\" style=\"text-align:center;\">\n<div class=\"aio-icon none \" data-animation=\"fadeInRight\" data-animation-delay=\"03\" style=\"color:#f1592a;font-size:70px;display:inline-block;\">\n\t<i class=\"Defaults-calendar\"><\/i>\n<\/div><\/div><\/div><\/div><div class=\"stats-desc\" id=\"counter-responsv-wrap-7398\"><div id=\"counter_318866314169d633892a4ce\" data-id=\"counter_318866314169d633892a4ce\"  data-ultimate-target='#counter-responsv-wrap-7398 .stats-number'  data-responsive-json-new='{\"font-size\":\"desktop:60px;\",\"line-height\":\"\"}'  class=\"stats-number ult-responsive\" style=\"  color:#f1592a;\" data-speed=\"3\" data-counter-value=\"28\" data-separator=\",\" data-decimal=\".\">0<\/div><div id=\"title-counter_318866314169d633892a4ce\"  data-ultimate-target='#counter-responsv-wrap-7398 .stats-text'  data-responsive-json-new='{\"font-size\":\"\",\"line-height\":\"\"}'  class=\"stats-text ult-responsive\" style=\"font-size:18px;  \">A\u00f1os<\/div><\/div><\/div>[\/vc_column][\/vc_row][vc_row][vc_column][vc_video link=&#8221;https:\/\/www.youtube.com\/watch?v=ATcMtlwyLXs&#8221;]<style type=\"text\/css\" data-type=\"the7_shortcodes-inline-css\">#default-btn-73477b298d3495b6311cece8b522eb55.ico-right-side > i {\n  margin-right: 0px;\n  margin-left: 8px;\n}\n#default-btn-73477b298d3495b6311cece8b522eb55 > i {\n  margin-right: 8px;\n}<\/style><div class=\"btn-align-center\"><a href=\"https:\/\/www.camarenahealth.org\/wp-content\/uploads\/2021\/10\/2022-Camarena-Health-Scholarship-Application-Packet.pdf\" class=\"default-btn-shortcode dt-btn dt-btn-l link-hover-off \" target=\"_blank\" id=\"default-btn-73477b298d3495b6311cece8b522eb55\" rel=\"noopener\"><span>Descargar solicitud de beca<\/span><\/a><\/div>[vc_empty_space height=&#8221;100px&#8221;][\/vc_column][\/vc_row]<\/p>\n<\/div>","protected":false},"excerpt":{"rendered":"<p>[vc_row bg_type=&#8221;image&#8221; parallax_style=&#8221;vcpb-vz-jquery&#8221; bg_image_new=&#8221;id^13105|url^https:\/\/www.camarenahealth.org\/wp-content\/uploads\/2020\/12\/Camarena-Health-Scholarship-Program-Header.jpg|caption^null|alt^null|title^Camarena Health Scholarship Program-Header|description^null&#8221; bg_image_repeat=&#8221;no-repeat&#8221; bg_override=&#8221;full&#8221;][vc_column][vc_empty_space height=&#8221;100px&#8221;][vc_single_image image=&#8221;19374&#8243; img_size=&#8221;full&#8221; alignment=&#8221;center&#8221; css_animation=&#8221;fadeInDown&#8221; image_hovers=&#8221;false&#8221;][vc_empty_space height=&#8221;40px&#8221;][vc_custom_heading text=&#8221;Orgullosos de invertir en nuestras comunidades.&#8221; font_container=&#8221;tag:h1|font_size:60|text_align:center|color:%23ffffff&#8221; use_theme_fonts=&#8221;yes&#8221; css_animation=&#8221;fadeInUp&#8221;][vc_empty_space height=&#8221;150px&#8221;][\/vc_column][\/vc_row][vc_row content_placement=&#8221;middle&#8221; bg_type=&#8221;image&#8221; parallax_style=&#8221;vcpb-vz-jquery&#8221; bg_image_new=&#8221;id^119|url^https:\/\/www.camarenahealth.org\/wp-content\/uploads\/2017\/06\/White-Circle-BG.jpg|caption^null|alt^null|title^White-Circle-BG|description^null&#8221; bg_image_repeat=&#8221;no-repeat&#8221; bg_override=&#8221;full&#8221; css=&#8221;.vc_custom_1501180806456{padding-top: 50px !important;padding-bottom: 50px !important;}&#8221;][vc_column width=&#8221;1\/2&#8243;][vc_column_text]Desde 1995, Camarena Health ha otorgado becas a estudiantes del condado de Madera con una carrera en el&hellip;<\/p>\n","protected":false},"author":1,"featured_media":0,"parent":25274,"menu_order":0,"comment_status":"closed","ping_status":"closed","template":"","meta":{"footnotes":""},"class_list":["post-25283","page","type-page","status-publish","hentry","description-off"],"yoast_head":"<!-- This site is optimized with the Yoast SEO plugin v27.1.1 - https:\/\/yoast.com\/product\/yoast-seo-wordpress\/ -->\n<title>Beca - Camarena Health<\/title>\n<meta name=\"robots\" content=\"index, follow, max-snippet:-1, max-image-preview:large, max-video-preview:-1\" \/>\n<link rel=\"canonical\" href=\"https:\/\/www.camarenahealth.org\/es\/programas\/beca\/\" \/>\n<meta property=\"og:locale\" content=\"es_ES\" \/>\n<meta property=\"og:type\" content=\"article\" \/>\n<meta property=\"og:title\" content=\"Beca - Camarena Health\" \/>\n<meta property=\"og:description\" content=\"[vc_row bg_type=&#8221;image&#8221; parallax_style=&#8221;vcpb-vz-jquery&#8221; bg_image_new=&#8221;id^13105|url^https:\/\/www.camarenahealth.org\/wp-content\/uploads\/2020\/12\/Camarena-Health-Scholarship-Program-Header.jpg|caption^null|alt^null|title^Camarena Health Scholarship Program-Header|description^null&#8221; bg_image_repeat=&#8221;no-repeat&#8221; bg_override=&#8221;full&#8221;][vc_column][vc_empty_space height=&#8221;100px&#8221;][vc_single_image image=&#8221;19374&#8243; img_size=&#8221;full&#8221; alignment=&#8221;center&#8221; css_animation=&#8221;fadeInDown&#8221; image_hovers=&#8221;false&#8221;][vc_empty_space height=&#8221;40px&#8221;][vc_custom_heading text=&#8221;Orgullosos de invertir en nuestras comunidades.&#8221; font_container=&#8221;tag:h1|font_size:60|text_align:center|color:%23ffffff&#8221; use_theme_fonts=&#8221;yes&#8221; css_animation=&#8221;fadeInUp&#8221;][vc_empty_space height=&#8221;150px&#8221;][\/vc_column][\/vc_row][vc_row content_placement=&#8221;middle&#8221; bg_type=&#8221;image&#8221; parallax_style=&#8221;vcpb-vz-jquery&#8221; bg_image_new=&#8221;id^119|url^https:\/\/www.camarenahealth.org\/wp-content\/uploads\/2017\/06\/White-Circle-BG.jpg|caption^null|alt^null|title^White-Circle-BG|description^null&#8221; bg_image_repeat=&#8221;no-repeat&#8221; bg_override=&#8221;full&#8221; css=&#8221;.vc_custom_1501180806456{padding-top: 50px !important;padding-bottom: 50px !important;}&#8221;][vc_column width=&#8221;1\/2&#8243;][vc_column_text]Desde 1995, Camarena Health ha otorgado becas a estudiantes del condado de Madera con una carrera en el&hellip;\" \/>\n<meta property=\"og:url\" content=\"https:\/\/www.camarenahealth.org\/es\/programas\/beca\/\" \/>\n<meta property=\"og:site_name\" content=\"Camarena Health\" \/>\n<meta property=\"article:modified_time\" content=\"2022-08-17T21:18:07+00:00\" \/>\n<meta name=\"twitter:card\" content=\"summary_large_image\" \/>\n<meta name=\"twitter:label1\" content=\"Tiempo de lectura\" \/>\n\t<meta name=\"twitter:data1\" content=\"1 minuto\" \/>\n<script type=\"application\/ld+json\" class=\"yoast-schema-graph\">{\"@context\":\"https:\/\/schema.org\",\"@graph\":[{\"@type\":\"WebPage\",\"@id\":\"https:\/\/www.camarenahealth.org\/es\/programas\/beca\/\",\"url\":\"https:\/\/www.camarenahealth.org\/es\/programas\/beca\/\",\"name\":\"Beca - Camarena Health\",\"isPartOf\":{\"@id\":\"https:\/\/www.camarenahealth.org\/es\/#website\"},\"datePublished\":\"2017-06-28T05:32:40+00:00\",\"dateModified\":\"2022-08-17T21:18:07+00:00\",\"breadcrumb\":{\"@id\":\"https:\/\/www.camarenahealth.org\/es\/programas\/beca\/#breadcrumb\"},\"inLanguage\":\"es\",\"potentialAction\":[{\"@type\":\"ReadAction\",\"target\":[\"https:\/\/www.camarenahealth.org\/es\/programas\/beca\/\"]}]},{\"@type\":\"BreadcrumbList\",\"@id\":\"https:\/\/www.camarenahealth.org\/es\/programas\/beca\/#breadcrumb\",\"itemListElement\":[{\"@type\":\"ListItem\",\"position\":1,\"name\":\"Home\",\"item\":\"https:\/\/www.camarenahealth.org\/es\/salud-camarena\/\"},{\"@type\":\"ListItem\",\"position\":2,\"name\":\"Programas\",\"item\":\"https:\/\/www.camarenahealth.org\/es\/programas\/\"},{\"@type\":\"ListItem\",\"position\":3,\"name\":\"Beca\"}]},{\"@type\":\"WebSite\",\"@id\":\"https:\/\/www.camarenahealth.org\/es\/#website\",\"url\":\"https:\/\/www.camarenahealth.org\/es\/\",\"name\":\"Camarena Health\",\"description\":\"We Are Community. We Are Family. We Are Health.\",\"publisher\":{\"@id\":\"https:\/\/www.camarenahealth.org\/es\/#organization\"},\"potentialAction\":[{\"@type\":\"SearchAction\",\"target\":{\"@type\":\"EntryPoint\",\"urlTemplate\":\"https:\/\/www.camarenahealth.org\/es\/?s={search_term_string}\"},\"query-input\":{\"@type\":\"PropertyValueSpecification\",\"valueRequired\":true,\"valueName\":\"search_term_string\"}}],\"inLanguage\":\"es\"},{\"@type\":\"Organization\",\"@id\":\"https:\/\/www.camarenahealth.org\/es\/#organization\",\"name\":\"Camarena Health\",\"url\":\"https:\/\/www.camarenahealth.org\/es\/\",\"logo\":{\"@type\":\"ImageObject\",\"inLanguage\":\"es\",\"@id\":\"https:\/\/www.camarenahealth.org\/es\/#\/schema\/logo\/image\/\",\"url\":\"https:\/\/www.camarenahealth.org\/wp-content\/uploads\/2021\/12\/Camarena-Health_2022-Logo.svg\",\"contentUrl\":\"https:\/\/www.camarenahealth.org\/wp-content\/uploads\/2021\/12\/Camarena-Health_2022-Logo.svg\",\"width\":1920,\"height\":382,\"caption\":\"Camarena Health\"},\"image\":{\"@id\":\"https:\/\/www.camarenahealth.org\/es\/#\/schema\/logo\/image\/\"}}]}<\/script>\n<!-- \/ Yoast SEO plugin. -->","yoast_head_json":{"title":"Beca - Camarena Health","robots":{"index":"index","follow":"follow","max-snippet":"max-snippet:-1","max-image-preview":"max-image-preview:large","max-video-preview":"max-video-preview:-1"},"canonical":"https:\/\/www.camarenahealth.org\/es\/programas\/beca\/","og_locale":"es_ES","og_type":"article","og_title":"Beca - Camarena Health","og_description":"[vc_row bg_type=&#8221;image&#8221; parallax_style=&#8221;vcpb-vz-jquery&#8221; bg_image_new=&#8221;id^13105|url^https:\/\/www.camarenahealth.org\/wp-content\/uploads\/2020\/12\/Camarena-Health-Scholarship-Program-Header.jpg|caption^null|alt^null|title^Camarena Health Scholarship Program-Header|description^null&#8221; bg_image_repeat=&#8221;no-repeat&#8221; bg_override=&#8221;full&#8221;][vc_column][vc_empty_space height=&#8221;100px&#8221;][vc_single_image image=&#8221;19374&#8243; img_size=&#8221;full&#8221; alignment=&#8221;center&#8221; css_animation=&#8221;fadeInDown&#8221; image_hovers=&#8221;false&#8221;][vc_empty_space height=&#8221;40px&#8221;][vc_custom_heading text=&#8221;Orgullosos de invertir en nuestras comunidades.&#8221; font_container=&#8221;tag:h1|font_size:60|text_align:center|color:%23ffffff&#8221; use_theme_fonts=&#8221;yes&#8221; css_animation=&#8221;fadeInUp&#8221;][vc_empty_space height=&#8221;150px&#8221;][\/vc_column][\/vc_row][vc_row content_placement=&#8221;middle&#8221; bg_type=&#8221;image&#8221; parallax_style=&#8221;vcpb-vz-jquery&#8221; bg_image_new=&#8221;id^119|url^https:\/\/www.camarenahealth.org\/wp-content\/uploads\/2017\/06\/White-Circle-BG.jpg|caption^null|alt^null|title^White-Circle-BG|description^null&#8221; bg_image_repeat=&#8221;no-repeat&#8221; bg_override=&#8221;full&#8221; css=&#8221;.vc_custom_1501180806456{padding-top: 50px !important;padding-bottom: 50px !important;}&#8221;][vc_column width=&#8221;1\/2&#8243;][vc_column_text]Desde 1995, Camarena Health ha otorgado becas a estudiantes del condado de Madera con una carrera en el&hellip;","og_url":"https:\/\/www.camarenahealth.org\/es\/programas\/beca\/","og_site_name":"Camarena Health","article_modified_time":"2022-08-17T21:18:07+00:00","twitter_card":"summary_large_image","twitter_misc":{"Tiempo de lectura":"1 minuto"},"schema":{"@context":"https:\/\/schema.org","@graph":[{"@type":"WebPage","@id":"https:\/\/www.camarenahealth.org\/es\/programas\/beca\/","url":"https:\/\/www.camarenahealth.org\/es\/programas\/beca\/","name":"Beca - Camarena Health","isPartOf":{"@id":"https:\/\/www.camarenahealth.org\/es\/#website"},"datePublished":"2017-06-28T05:32:40+00:00","dateModified":"2022-08-17T21:18:07+00:00","breadcrumb":{"@id":"https:\/\/www.camarenahealth.org\/es\/programas\/beca\/#breadcrumb"},"inLanguage":"es","potentialAction":[{"@type":"ReadAction","target":["https:\/\/www.camarenahealth.org\/es\/programas\/beca\/"]}]},{"@type":"BreadcrumbList","@id":"https:\/\/www.camarenahealth.org\/es\/programas\/beca\/#breadcrumb","itemListElement":[{"@type":"ListItem","position":1,"name":"Home","item":"https:\/\/www.camarenahealth.org\/es\/salud-camarena\/"},{"@type":"ListItem","position":2,"name":"Programas","item":"https:\/\/www.camarenahealth.org\/es\/programas\/"},{"@type":"ListItem","position":3,"name":"Beca"}]},{"@type":"WebSite","@id":"https:\/\/www.camarenahealth.org\/es\/#website","url":"https:\/\/www.camarenahealth.org\/es\/","name":"Camarena Health","description":"We Are Community. We Are Family. We Are Health.","publisher":{"@id":"https:\/\/www.camarenahealth.org\/es\/#organization"},"potentialAction":[{"@type":"SearchAction","target":{"@type":"EntryPoint","urlTemplate":"https:\/\/www.camarenahealth.org\/es\/?s={search_term_string}"},"query-input":{"@type":"PropertyValueSpecification","valueRequired":true,"valueName":"search_term_string"}}],"inLanguage":"es"},{"@type":"Organization","@id":"https:\/\/www.camarenahealth.org\/es\/#organization","name":"Camarena Health","url":"https:\/\/www.camarenahealth.org\/es\/","logo":{"@type":"ImageObject","inLanguage":"es","@id":"https:\/\/www.camarenahealth.org\/es\/#\/schema\/logo\/image\/","url":"https:\/\/www.camarenahealth.org\/wp-content\/uploads\/2021\/12\/Camarena-Health_2022-Logo.svg","contentUrl":"https:\/\/www.camarenahealth.org\/wp-content\/uploads\/2021\/12\/Camarena-Health_2022-Logo.svg","width":1920,"height":382,"caption":"Camarena Health"},"image":{"@id":"https:\/\/www.camarenahealth.org\/es\/#\/schema\/logo\/image\/"}}]}},"_links":{"self":[{"href":"https:\/\/www.camarenahealth.org\/es\/wp-json\/wp\/v2\/pages\/25283","targetHints":{"allow":["GET"]}}],"collection":[{"href":"https:\/\/www.camarenahealth.org\/es\/wp-json\/wp\/v2\/pages"}],"about":[{"href":"https:\/\/www.camarenahealth.org\/es\/wp-json\/wp\/v2\/types\/page"}],"author":[{"embeddable":true,"href":"https:\/\/www.camarenahealth.org\/es\/wp-json\/wp\/v2\/users\/1"}],"replies":[{"embeddable":true,"href":"https:\/\/www.camarenahealth.org\/es\/wp-json\/wp\/v2\/comments?post=25283"}],"version-history":[{"count":0,"href":"https:\/\/www.camarenahealth.org\/es\/wp-json\/wp\/v2\/pages\/25283\/revisions"}],"up":[{"embeddable":true,"href":"https:\/\/www.camarenahealth.org\/es\/wp-json\/wp\/v2\/pages\/25274"}],"wp:attachment":[{"href":"https:\/\/www.camarenahealth.org\/es\/wp-json\/wp\/v2\/media?parent=25283"}],"curies":[{"name":"wp","href":"https:\/\/api.w.org\/{rel}","templated":true}]}}