{"id":25289,"date":"2017-06-27T22:34:33","date_gmt":"2017-06-28T05:34:33","guid":{"rendered":"https:\/\/www.camarenahealth.org\/programas\/promotores-de-la-salud\/"},"modified":"2022-08-12T18:30:44","modified_gmt":"2022-08-13T01:30:44","slug":"promotores-de-la-salud","status":"publish","type":"page","link":"https:\/\/www.camarenahealth.org\/es\/programas\/promotores-de-la-salud\/","title":{"rendered":"Promotores de la Salud"},"content":{"rendered":"<div class=\"wpb-content-wrapper\"><p>[vc_row bg_type=&#8221;image&#8221; parallax_style=&#8221;vcpb-vz-jquery&#8221; bg_image_new=&#8221;id^119|url^https:\/\/www.camarenahealth.org\/wp-content\/uploads\/2017\/06\/White-Circle-BG.jpg|caption^null|alt^null|title^White-Circle-BG|description^null&#8221; bg_image_repeat=&#8221;no-repeat&#8221; bg_override=&#8221;full&#8221; css=&#8221;.vc_custom_1501181082860{padding-top: 50px !important;padding-bottom: 50px !important;}&#8221;][vc_column width=&#8221;1\/2&#8243;][vc_column_text]<\/p>\n<h2>Promotores de la Salud<\/h2>\n<p>La familia lo es todo para Camarena Health y cuando nuestros pacientes y sus familias tienen el deseo y la necesidad de contarle a la comunidad lo importante que es llevar un estilo de vida saludable y activo o c\u00f3mo nuestros centros de salud comunitarios apoyan a la Comunidad de Madera para lograr estilos de vida saludables, Camarena Health crea el Programa Promotores de Salud:<\/p>\n<p>El programa Promotores de Salud est\u00e1 formado por un grupo de voluntarios dedicados y trabajadores que se apasionan por el bienestar de su comunidad. Todos los miembros del programa son pacientes o son familiares de pacientes de Camrarena Health que han sido impactados positivamente por los servicios y cuidados recibidos. Los Promotores de Salud se centran en la prevenci\u00f3n de la obesidad mediante el fomento de la actividad f\u00edsica y una nutrici\u00f3n m\u00e1s saludable. Son capaces de participar y representar a Camarena Health en eventos comunitarios donde educan y conectan a la comunidad con recursos que pueden ayudar a las personas a mejorar su bienestar general. Conciencian a la comunidad sobre el consumo de ciertos alimentos y bebidas a trav\u00e9s de actividades como <em><br \/>\n  <strong>&#8220;Elige mi plato&#8221;<\/strong><br \/>\n<\/em> y <em><br \/>\n  <strong>&#8220;Repiensa tu bebida&#8221;<\/strong><br \/>\n<\/em> y proporcionan referencias a las clases de nutrici\u00f3n y ejercicio de Camarena Health. Los Promotores de Salud trabajan constantemente para servir de puente de informaci\u00f3n a nuestras familias de habla hispana. Camarena Health est\u00e1 encantada de contar con un equipo de voluntarios tan trabajador que aboga por la salud de nuestra comunidad.<\/p>\n<p>Para m\u00e1s informaci\u00f3n sobre el trabajo del Programa Promotores de Salud de Camarena, por favor contacte con Claudia Ch\u00e1vez en cchavez@camarenahealth.org.[\/vc_column_text][\/vc_column][vc_column width=&#8221;1\/2&#8243;][vc_single_image image=&#8221;1122&#8243; img_size=&#8221;full&#8221; alignment=&#8221;center&#8221;][\/vc_column][\/vc_row]<\/p>\n<\/div>","protected":false},"excerpt":{"rendered":"<p>[vc_row bg_type=&#8221;image&#8221; parallax_style=&#8221;vcpb-vz-jquery&#8221; bg_image_new=&#8221;id^119|url^https:\/\/www.camarenahealth.org\/wp-content\/uploads\/2017\/06\/White-Circle-BG.jpg|caption^null|alt^null|title^White-Circle-BG|description^null&#8221; bg_image_repeat=&#8221;no-repeat&#8221; bg_override=&#8221;full&#8221; css=&#8221;.vc_custom_1501181082860{padding-top: 50px !important;padding-bottom: 50px !important;}&#8221;][vc_column width=&#8221;1\/2&#8243;][vc_column_text] Promotores de la Salud La familia lo es todo para Camarena Health y cuando nuestros pacientes y sus familias tienen el deseo y la necesidad de contarle a la comunidad lo importante que es llevar un estilo de vida saludable y activo o&hellip;<\/p>\n","protected":false},"author":1,"featured_media":0,"parent":25274,"menu_order":0,"comment_status":"closed","ping_status":"closed","template":"","meta":{"footnotes":""},"class_list":["post-25289","page","type-page","status-publish","hentry","description-off"],"yoast_head":"<!-- This site is optimized with the Yoast SEO plugin v27.4 - https:\/\/yoast.com\/product\/yoast-seo-wordpress\/ -->\n<title>Promotores de la Salud - Camarena Health<\/title>\n<meta name=\"robots\" content=\"index, follow, max-snippet:-1, max-image-preview:large, max-video-preview:-1\" \/>\n<link rel=\"canonical\" href=\"https:\/\/www.camarenahealth.org\/es\/programas\/promotores-de-la-salud\/\" \/>\n<meta property=\"og:locale\" content=\"es_ES\" \/>\n<meta property=\"og:type\" content=\"article\" \/>\n<meta property=\"og:title\" content=\"Promotores de la Salud - Camarena Health\" \/>\n<meta property=\"og:description\" content=\"[vc_row bg_type=&#8221;image&#8221; parallax_style=&#8221;vcpb-vz-jquery&#8221; bg_image_new=&#8221;id^119|url^https:\/\/www.camarenahealth.org\/wp-content\/uploads\/2017\/06\/White-Circle-BG.jpg|caption^null|alt^null|title^White-Circle-BG|description^null&#8221; bg_image_repeat=&#8221;no-repeat&#8221; bg_override=&#8221;full&#8221; css=&#8221;.vc_custom_1501181082860{padding-top: 50px !important;padding-bottom: 50px !important;}&#8221;][vc_column width=&#8221;1\/2&#8243;][vc_column_text] Promotores de la Salud La familia lo es todo para Camarena Health y cuando nuestros pacientes y sus familias tienen el deseo y la necesidad de contarle a la comunidad lo importante que es llevar un estilo de vida saludable y activo o&hellip;\" \/>\n<meta property=\"og:url\" content=\"https:\/\/www.camarenahealth.org\/es\/programas\/promotores-de-la-salud\/\" \/>\n<meta property=\"og:site_name\" content=\"Camarena Health\" \/>\n<meta property=\"article:modified_time\" content=\"2022-08-13T01:30:44+00:00\" \/>\n<meta name=\"twitter:card\" content=\"summary_large_image\" \/>\n<meta name=\"twitter:label1\" content=\"Tiempo de lectura\" \/>\n\t<meta name=\"twitter:data1\" content=\"2 minutos\" \/>\n<script type=\"application\/ld+json\" class=\"yoast-schema-graph\">{\"@context\":\"https:\\\/\\\/schema.org\",\"@graph\":[{\"@type\":\"WebPage\",\"@id\":\"https:\\\/\\\/www.camarenahealth.org\\\/es\\\/programas\\\/promotores-de-la-salud\\\/\",\"url\":\"https:\\\/\\\/www.camarenahealth.org\\\/es\\\/programas\\\/promotores-de-la-salud\\\/\",\"name\":\"Promotores de la Salud - Camarena Health\",\"isPartOf\":{\"@id\":\"https:\\\/\\\/www.camarenahealth.org\\\/es\\\/#website\"},\"datePublished\":\"2017-06-28T05:34:33+00:00\",\"dateModified\":\"2022-08-13T01:30:44+00:00\",\"breadcrumb\":{\"@id\":\"https:\\\/\\\/www.camarenahealth.org\\\/es\\\/programas\\\/promotores-de-la-salud\\\/#breadcrumb\"},\"inLanguage\":\"es\",\"potentialAction\":[{\"@type\":\"ReadAction\",\"target\":[\"https:\\\/\\\/www.camarenahealth.org\\\/es\\\/programas\\\/promotores-de-la-salud\\\/\"]}]},{\"@type\":\"BreadcrumbList\",\"@id\":\"https:\\\/\\\/www.camarenahealth.org\\\/es\\\/programas\\\/promotores-de-la-salud\\\/#breadcrumb\",\"itemListElement\":[{\"@type\":\"ListItem\",\"position\":1,\"name\":\"Home\",\"item\":\"https:\\\/\\\/www.camarenahealth.org\\\/es\\\/salud-camarena\\\/\"},{\"@type\":\"ListItem\",\"position\":2,\"name\":\"Programas\",\"item\":\"https:\\\/\\\/www.camarenahealth.org\\\/es\\\/programas\\\/\"},{\"@type\":\"ListItem\",\"position\":3,\"name\":\"Promotores de la Salud\"}]},{\"@type\":\"WebSite\",\"@id\":\"https:\\\/\\\/www.camarenahealth.org\\\/es\\\/#website\",\"url\":\"https:\\\/\\\/www.camarenahealth.org\\\/es\\\/\",\"name\":\"Camarena Health\",\"description\":\"We Are Community. We Are Family. We Are Health.\",\"publisher\":{\"@id\":\"https:\\\/\\\/www.camarenahealth.org\\\/es\\\/#organization\"},\"potentialAction\":[{\"@type\":\"SearchAction\",\"target\":{\"@type\":\"EntryPoint\",\"urlTemplate\":\"https:\\\/\\\/www.camarenahealth.org\\\/es\\\/?s={search_term_string}\"},\"query-input\":{\"@type\":\"PropertyValueSpecification\",\"valueRequired\":true,\"valueName\":\"search_term_string\"}}],\"inLanguage\":\"es\"},{\"@type\":\"Organization\",\"@id\":\"https:\\\/\\\/www.camarenahealth.org\\\/es\\\/#organization\",\"name\":\"Camarena Health\",\"url\":\"https:\\\/\\\/www.camarenahealth.org\\\/es\\\/\",\"logo\":{\"@type\":\"ImageObject\",\"inLanguage\":\"es\",\"@id\":\"https:\\\/\\\/www.camarenahealth.org\\\/es\\\/#\\\/schema\\\/logo\\\/image\\\/\",\"url\":\"https:\\\/\\\/www.camarenahealth.org\\\/wp-content\\\/uploads\\\/2021\\\/12\\\/Camarena-Health_2022-Logo.svg\",\"contentUrl\":\"https:\\\/\\\/www.camarenahealth.org\\\/wp-content\\\/uploads\\\/2021\\\/12\\\/Camarena-Health_2022-Logo.svg\",\"width\":1920,\"height\":382,\"caption\":\"Camarena Health\"},\"image\":{\"@id\":\"https:\\\/\\\/www.camarenahealth.org\\\/es\\\/#\\\/schema\\\/logo\\\/image\\\/\"}}]}<\/script>\n<!-- \/ Yoast SEO plugin. -->","yoast_head_json":{"title":"Promotores de la Salud - Camarena Health","robots":{"index":"index","follow":"follow","max-snippet":"max-snippet:-1","max-image-preview":"max-image-preview:large","max-video-preview":"max-video-preview:-1"},"canonical":"https:\/\/www.camarenahealth.org\/es\/programas\/promotores-de-la-salud\/","og_locale":"es_ES","og_type":"article","og_title":"Promotores de la Salud - Camarena Health","og_description":"[vc_row bg_type=&#8221;image&#8221; parallax_style=&#8221;vcpb-vz-jquery&#8221; bg_image_new=&#8221;id^119|url^https:\/\/www.camarenahealth.org\/wp-content\/uploads\/2017\/06\/White-Circle-BG.jpg|caption^null|alt^null|title^White-Circle-BG|description^null&#8221; bg_image_repeat=&#8221;no-repeat&#8221; bg_override=&#8221;full&#8221; css=&#8221;.vc_custom_1501181082860{padding-top: 50px !important;padding-bottom: 50px !important;}&#8221;][vc_column width=&#8221;1\/2&#8243;][vc_column_text] Promotores de la Salud La familia lo es todo para Camarena Health y cuando nuestros pacientes y sus familias tienen el deseo y la necesidad de contarle a la comunidad lo importante que es llevar un estilo de vida saludable y activo o&hellip;","og_url":"https:\/\/www.camarenahealth.org\/es\/programas\/promotores-de-la-salud\/","og_site_name":"Camarena Health","article_modified_time":"2022-08-13T01:30:44+00:00","twitter_card":"summary_large_image","twitter_misc":{"Tiempo de lectura":"2 minutos"},"schema":{"@context":"https:\/\/schema.org","@graph":[{"@type":"WebPage","@id":"https:\/\/www.camarenahealth.org\/es\/programas\/promotores-de-la-salud\/","url":"https:\/\/www.camarenahealth.org\/es\/programas\/promotores-de-la-salud\/","name":"Promotores de la Salud - Camarena Health","isPartOf":{"@id":"https:\/\/www.camarenahealth.org\/es\/#website"},"datePublished":"2017-06-28T05:34:33+00:00","dateModified":"2022-08-13T01:30:44+00:00","breadcrumb":{"@id":"https:\/\/www.camarenahealth.org\/es\/programas\/promotores-de-la-salud\/#breadcrumb"},"inLanguage":"es","potentialAction":[{"@type":"ReadAction","target":["https:\/\/www.camarenahealth.org\/es\/programas\/promotores-de-la-salud\/"]}]},{"@type":"BreadcrumbList","@id":"https:\/\/www.camarenahealth.org\/es\/programas\/promotores-de-la-salud\/#breadcrumb","itemListElement":[{"@type":"ListItem","position":1,"name":"Home","item":"https:\/\/www.camarenahealth.org\/es\/salud-camarena\/"},{"@type":"ListItem","position":2,"name":"Programas","item":"https:\/\/www.camarenahealth.org\/es\/programas\/"},{"@type":"ListItem","position":3,"name":"Promotores de la Salud"}]},{"@type":"WebSite","@id":"https:\/\/www.camarenahealth.org\/es\/#website","url":"https:\/\/www.camarenahealth.org\/es\/","name":"Camarena Health","description":"We Are Community. We Are Family. We Are Health.","publisher":{"@id":"https:\/\/www.camarenahealth.org\/es\/#organization"},"potentialAction":[{"@type":"SearchAction","target":{"@type":"EntryPoint","urlTemplate":"https:\/\/www.camarenahealth.org\/es\/?s={search_term_string}"},"query-input":{"@type":"PropertyValueSpecification","valueRequired":true,"valueName":"search_term_string"}}],"inLanguage":"es"},{"@type":"Organization","@id":"https:\/\/www.camarenahealth.org\/es\/#organization","name":"Camarena Health","url":"https:\/\/www.camarenahealth.org\/es\/","logo":{"@type":"ImageObject","inLanguage":"es","@id":"https:\/\/www.camarenahealth.org\/es\/#\/schema\/logo\/image\/","url":"https:\/\/www.camarenahealth.org\/wp-content\/uploads\/2021\/12\/Camarena-Health_2022-Logo.svg","contentUrl":"https:\/\/www.camarenahealth.org\/wp-content\/uploads\/2021\/12\/Camarena-Health_2022-Logo.svg","width":1920,"height":382,"caption":"Camarena Health"},"image":{"@id":"https:\/\/www.camarenahealth.org\/es\/#\/schema\/logo\/image\/"}}]}},"_links":{"self":[{"href":"https:\/\/www.camarenahealth.org\/es\/wp-json\/wp\/v2\/pages\/25289","targetHints":{"allow":["GET"]}}],"collection":[{"href":"https:\/\/www.camarenahealth.org\/es\/wp-json\/wp\/v2\/pages"}],"about":[{"href":"https:\/\/www.camarenahealth.org\/es\/wp-json\/wp\/v2\/types\/page"}],"author":[{"embeddable":true,"href":"https:\/\/www.camarenahealth.org\/es\/wp-json\/wp\/v2\/users\/1"}],"replies":[{"embeddable":true,"href":"https:\/\/www.camarenahealth.org\/es\/wp-json\/wp\/v2\/comments?post=25289"}],"version-history":[{"count":0,"href":"https:\/\/www.camarenahealth.org\/es\/wp-json\/wp\/v2\/pages\/25289\/revisions"}],"up":[{"embeddable":true,"href":"https:\/\/www.camarenahealth.org\/es\/wp-json\/wp\/v2\/pages\/25274"}],"wp:attachment":[{"href":"https:\/\/www.camarenahealth.org\/es\/wp-json\/wp\/v2\/media?parent=25289"}],"curies":[{"name":"wp","href":"https:\/\/api.w.org\/{rel}","templated":true}]}}