{"id":25299,"date":"2017-06-27T22:38:19","date_gmt":"2017-06-28T05:38:19","guid":{"rendered":"https:\/\/www.camarenahealth.org\/informacion-de-la-cita\/"},"modified":"2022-08-12T18:32:20","modified_gmt":"2022-08-13T01:32:20","slug":"informacion-de-la-cita","status":"publish","type":"page","link":"https:\/\/www.camarenahealth.org\/es\/informacion-de-la-cita\/","title":{"rendered":"Informaci\u00f3n de la cita"},"content":{"rendered":"<div class=\"wpb-content-wrapper\"><p>[vc_row css=&#8221;.vc_custom_1499374036766{padding-top: 50px !important;padding-bottom: 30px !important;}&#8221;][vc_column width=&#8221;1\/6&#8243;][\/vc_column][vc_column width=&#8221;2\/3&#8243;][vc_tta_accordion style=&#8221;flat&#8221; shape=&#8221;square&#8221; color=&#8221;white&#8221; c_icon=&#8221;triangle&#8221; c_position=&#8221;right&#8221; active_section=&#8221;1&#8243; no_fill=&#8221;true&#8221; collapsible_all=&#8221;true&#8221;][vc_tta_section title=&#8221;Concertar citas&#8221; tab_id=&#8221;1499373913437-d101fbd9-ae24&#8243;][vc_column_text]Por favor, traiga una identificaci\u00f3n adecuada a su primera visita. Esto incluye una licencia de conducir v\u00e1lida u otra forma de identificaci\u00f3n oficial. Traiga siempre su tarjeta de seguro (seguro privado, Medi-Cal y\/o tarjeta de Medicare) cuando visite uno de nuestros <a href=\"https:\/\/www.camarenahealth.org\/es\/directorio-de-ubicaciones\/\">centros.<\/a>[\/vc_column_text][\/vc_tta_section][vc_tta_section title=&#8221;Citas para el mismo d\u00eda (sin cita previa)&#8221; tab_id=&#8221;1499374011100-f38f43eb-6cb3&#8243;][vc_column_text]Camarena Health acepta citas para el mismo d\u00eda para pacientes nuevos y establecidos.[\/vc_column_text][\/vc_tta_section][vc_tta_section title=&#8221;Qu\u00e9 llevar&#8221; tab_id=&#8221;1499374064141-70c51b05-9291&#8243;][vc_column_text]Por favor, traiga una identificaci\u00f3n adecuada a su primera visita. Esto incluye una licencia de conducir v\u00e1lida, un certificado de nacimiento u otra forma de identificaci\u00f3n oficial. Traiga siempre su tarjeta de Medi-Cal, de Medicare o de un seguro privado cuando visite una de nuestras cl\u00ednicas.[\/vc_column_text][\/vc_tta_section][vc_tta_section title=&#8221;Si tiene seguro&#8221; tab_id=&#8221;1499374084358-ea8c837a-7abe&#8221;][vc_column_text]Camarena Health acepta la mayor\u00eda de los seguros privados, Medi-Cal y Medicare. Nuestro amable personal le pondr\u00e1 en contacto con nuestro Especialista en Inscripci\u00f3n de Seguros que tambi\u00e9n puede ayudarle con una solicitud de Covered California en l\u00ednea.[\/vc_column_text][\/vc_tta_section][vc_tta_section title=&#8221;Si no tiene seguro&#8221; tab_id=&#8221;1499374117949-00bae52e-2616&#8243;][vc_column_text]Si no tiene seguro, puede beneficiarse de una escala de tarifas. Por favor, traiga la verificaci\u00f3n de los ingresos, tales como la declaraci\u00f3n de impuestos actual, talones de cheques (al menos un mes), extractos bancarios, y \/ o SSI \/ carta de discapacidad.[\/vc_column_text][\/vc_tta_section][vc_tta_section title=&#8221;Pol\u00edtica de copago&#8221; tab_id=&#8221;1499374138990-4a84b987-3ee4&#8243;][vc_column_text]El copago se espera en el momento de la visita. Para su comodidad, aceptamos efectivo, cheques, d\u00e9bito, VISA y MasterCard. En el momento del pago se entrega un recibo de pago para que quede constancia de ello.[\/vc_column_text][\/vc_tta_section][vc_tta_section title=&#8221;Programa de descuentos&#8221; tab_id=&#8221;1557437549650-497749ec-954d&#8221;][vc_column_text]Ofrecemos servicios con una tarifa reducida a los pacientes con bajos ingresos o a las familias que puedan acogerse al Programa de Descuento de Tarifas (SFDP). El SFDP est\u00e1 disponible para los pacientes que no tienen derecho a Medi-Cal. Medi-Care y Worker&#8217;s Compensation o cualquier otro programa de asistencia federal o estatal.[\/vc_column_text][\/vc_tta_section][vc_tta_section title=&#8221;Antes de la primera cita&#8221; tab_id=&#8221;1499374183523-7a4d7095-5b3a&#8221;][vc_column_text]Con el fin de proporcionarle la mejor atenci\u00f3n posible, su m\u00e9dico revisar\u00e1 su historial m\u00e9dico anterior si est\u00e1 disponible. Por favor, haga llegar a nuestra oficina todos los registros de su actual proveedor de atenci\u00f3n m\u00e9dica. Sus registros pueden ser <a href=\"https:\/\/www.camarenahealth.org\/es\/?page_id=25293\">enviados<\/a> a nuestra oficina antes de su cita o puede traerlos el d\u00eda de su cita.<\/p>\n<p>[\/vc_column_text][\/vc_tta_section][vc_tta_section title=&#8221;Su primera cita&#8221; tab_id=&#8221;1499374258578-f31536a6-4956&#8243;][vc_column_text]Por favor, llegue 30 minutos antes de su visita para completar el registro de pacientes antes de su cita con su proveedor. Por favor, traiga sus tarjetas de seguro, identificaci\u00f3n y cualquier otra informaci\u00f3n necesaria para esta cita. Si va a solicitar nuestro Programa de Tarifas M\u00f3viles, se requerir\u00e1 la verificaci\u00f3n de los ingresos.[\/vc_column_text][\/vc_tta_section][vc_tta_section title=&#8221;Privacidad&#8221; tab_id=&#8221;1499374283407-cf6b2084-82d2&#8243;][vc_column_text]Camarena Health Centers se toma muy en serio la naturaleza confidencial de su informaci\u00f3n m\u00e9dica. Se le entregar\u00e1 nuestro Aviso de Pr\u00e1cticas de Privacidad, que describe c\u00f3mo utilizamos su informaci\u00f3n m\u00e9dica y describe sus derechos de privacidad seg\u00fan la HIPAA, la normativa federal que regula la privacidad del paciente.<\/p>\n<p>Le pedimos que firme un acuse de recibo del Aviso de pr\u00e1cticas de privacidad. Esto permite que s\u00f3lo las personas que figuran en el formulario tengan acceso a su informaci\u00f3n sanitaria, como los resultados de las pruebas o las copias de los historiales m\u00e9dicos.<\/p>\n<p>Para m\u00e1s informaci\u00f3n, ll\u00e1menos al (559) 664-4000 o al n\u00famero gratuito 855-999-WELL.[\/vc_column_text][\/vc_tta_section][vc_tta_section title=&#8221;Derechos y responsabilidades de los pacientes&#8221; tab_id=&#8221;1597083744509-22ad8df4-6a9c&#8221;][vc_column_text]<em>Usted y su familia tienen derecho a . . .<\/em><\/p>\n<ul>\n<li>Ser tratado con respeto y dignidad<\/li>\n<li>Esperar la privacidad y la confidencialidad<\/li>\n<li>Recibir informaci\u00f3n sobre su tratamiento en palabras que usted entienda<\/li>\n<li>Que se le informe con antelaci\u00f3n del coste de su tratamiento<\/li>\n<li>Hacer preguntas y recibir explicaciones que tengan sentido para ti<\/li>\n<li>Que te ense\u00f1en a continuar con tu atenci\u00f3n m\u00e9dica despu\u00e9s de dejar los Centros de Salud Camarena<\/li>\n<li>Buscar otras fuentes de atenci\u00f3n m\u00e9dica si no est\u00e1 satisfecho con nuestros proveedores o servicios y su queja no puede ser corregida<\/li>\n<\/ul>\n<p>&nbsp;<\/p>\n<p><em>Usted y su familia tienen la responsabilidad de. . .  <\/em><\/p>\n<ul>\n<li>Tratar a todos los miembros del personal con respeto y dignidad<\/li>\n<li>Proporcionar informaci\u00f3n personal y m\u00e9dica precisa y completa<\/li>\n<li>Haga preguntas si no entiende a un proveedor de servicios m\u00e9dicos o a otro miembro del personal<\/li>\n<li>Conocer y explicar a un proveedor el tipo de atenci\u00f3n que espera<\/li>\n<li>Cumplir con las peticiones de los miembros del personal o resolver las diferencias de forma pac\u00edfica<\/li>\n<li>Llegar a tiempo a las citas<\/li>\n<li>Comunique al personal si no est\u00e1 satisfecho con alguna parte de su visita<\/li>\n<\/ul>\n<p>[\/vc_column_text][\/vc_tta_section][vc_tta_section title=&#8221;Citas con el dentista&#8221; tab_id=&#8221;1499374317183-9ebd0e82-4747&#8243;][vc_column_text]Vea nuestra p\u00e1gina de informaci\u00f3n sobre citas dentales[\/vc_column_text][\/vc_tta_section][vc_tta_section title=&#8221;Horario extendido y fuera de horario&#8221; tab_id=&#8221;1557437511015-3120b66c-ea50&#8243;][vc_column_text]Nuestros centros ofrecen acceso telef\u00f3nico fuera de horario y un horario ampliado. El asesoramiento m\u00e9dico est\u00e1 disponible durante las horas de oficina y cuando la oficina est\u00e1 cerrada llamando a nuestra l\u00ednea de acceso de 24 horas al 559-664-4000.[\/vc_column_text][\/vc_tta_section][\/vc_tta_accordion][\/vc_column][vc_column width=&#8221;1\/6&#8243;][\/vc_column][\/vc_row]<\/p>\n<\/div>","protected":false},"excerpt":{"rendered":"<p>[vc_row css=&#8221;.vc_custom_1499374036766{padding-top: 50px !important;padding-bottom: 30px !important;}&#8221;][vc_column width=&#8221;1\/6&#8243;][\/vc_column][vc_column width=&#8221;2\/3&#8243;][vc_tta_accordion style=&#8221;flat&#8221; shape=&#8221;square&#8221; color=&#8221;white&#8221; c_icon=&#8221;triangle&#8221; c_position=&#8221;right&#8221; active_section=&#8221;1&#8243; no_fill=&#8221;true&#8221; collapsible_all=&#8221;true&#8221;][vc_tta_section title=&#8221;Concertar citas&#8221; tab_id=&#8221;1499373913437-d101fbd9-ae24&#8243;][vc_column_text]Por favor, traiga una identificaci\u00f3n adecuada a su primera visita. Esto incluye una licencia de conducir v\u00e1lida u otra forma de identificaci\u00f3n oficial. Traiga siempre su tarjeta de seguro (seguro privado, Medi-Cal y\/o tarjeta de Medicare) cuando&hellip;<\/p>\n","protected":false},"author":1,"featured_media":0,"parent":0,"menu_order":0,"comment_status":"closed","ping_status":"closed","template":"","meta":{"footnotes":""},"class_list":["post-25299","page","type-page","status-publish","hentry","description-off"],"yoast_head":"<!-- This site is optimized with the Yoast SEO plugin v27.1.1 - https:\/\/yoast.com\/product\/yoast-seo-wordpress\/ -->\n<title>Informaci\u00f3n de la cita - Camarena Health<\/title>\n<meta name=\"robots\" content=\"index, follow, max-snippet:-1, max-image-preview:large, max-video-preview:-1\" \/>\n<link rel=\"canonical\" href=\"https:\/\/www.camarenahealth.org\/es\/informacion-de-la-cita\/\" \/>\n<meta property=\"og:locale\" content=\"es_ES\" \/>\n<meta property=\"og:type\" content=\"article\" \/>\n<meta property=\"og:title\" content=\"Informaci\u00f3n de la cita - Camarena Health\" \/>\n<meta property=\"og:description\" content=\"[vc_row css=&#8221;.vc_custom_1499374036766{padding-top: 50px !important;padding-bottom: 30px !important;}&#8221;][vc_column width=&#8221;1\/6&#8243;][\/vc_column][vc_column width=&#8221;2\/3&#8243;][vc_tta_accordion style=&#8221;flat&#8221; shape=&#8221;square&#8221; color=&#8221;white&#8221; c_icon=&#8221;triangle&#8221; c_position=&#8221;right&#8221; active_section=&#8221;1&#8243; no_fill=&#8221;true&#8221; collapsible_all=&#8221;true&#8221;][vc_tta_section title=&#8221;Concertar citas&#8221; tab_id=&#8221;1499373913437-d101fbd9-ae24&#8243;][vc_column_text]Por favor, traiga una identificaci\u00f3n adecuada a su primera visita. Esto incluye una licencia de conducir v\u00e1lida u otra forma de identificaci\u00f3n oficial. Traiga siempre su tarjeta de seguro (seguro privado, Medi-Cal y\/o tarjeta de Medicare) cuando&hellip;\" \/>\n<meta property=\"og:url\" content=\"https:\/\/www.camarenahealth.org\/es\/informacion-de-la-cita\/\" \/>\n<meta property=\"og:site_name\" content=\"Camarena Health\" \/>\n<meta property=\"article:modified_time\" content=\"2022-08-13T01:32:20+00:00\" \/>\n<meta name=\"twitter:card\" content=\"summary_large_image\" \/>\n<meta name=\"twitter:label1\" content=\"Tiempo de lectura\" \/>\n\t<meta name=\"twitter:data1\" content=\"6 minutos\" \/>\n<script type=\"application\/ld+json\" class=\"yoast-schema-graph\">{\"@context\":\"https:\/\/schema.org\",\"@graph\":[{\"@type\":\"WebPage\",\"@id\":\"https:\/\/www.camarenahealth.org\/es\/informacion-de-la-cita\/\",\"url\":\"https:\/\/www.camarenahealth.org\/es\/informacion-de-la-cita\/\",\"name\":\"Informaci\u00f3n de la cita - Camarena Health\",\"isPartOf\":{\"@id\":\"https:\/\/www.camarenahealth.org\/es\/#website\"},\"datePublished\":\"2017-06-28T05:38:19+00:00\",\"dateModified\":\"2022-08-13T01:32:20+00:00\",\"breadcrumb\":{\"@id\":\"https:\/\/www.camarenahealth.org\/es\/informacion-de-la-cita\/#breadcrumb\"},\"inLanguage\":\"es\",\"potentialAction\":[{\"@type\":\"ReadAction\",\"target\":[\"https:\/\/www.camarenahealth.org\/es\/informacion-de-la-cita\/\"]}]},{\"@type\":\"BreadcrumbList\",\"@id\":\"https:\/\/www.camarenahealth.org\/es\/informacion-de-la-cita\/#breadcrumb\",\"itemListElement\":[{\"@type\":\"ListItem\",\"position\":1,\"name\":\"Home\",\"item\":\"https:\/\/www.camarenahealth.org\/es\/salud-camarena\/\"},{\"@type\":\"ListItem\",\"position\":2,\"name\":\"Informaci\u00f3n de la cita\"}]},{\"@type\":\"WebSite\",\"@id\":\"https:\/\/www.camarenahealth.org\/es\/#website\",\"url\":\"https:\/\/www.camarenahealth.org\/es\/\",\"name\":\"Camarena Health\",\"description\":\"We Are Community. We Are Family. We Are Health.\",\"publisher\":{\"@id\":\"https:\/\/www.camarenahealth.org\/es\/#organization\"},\"potentialAction\":[{\"@type\":\"SearchAction\",\"target\":{\"@type\":\"EntryPoint\",\"urlTemplate\":\"https:\/\/www.camarenahealth.org\/es\/?s={search_term_string}\"},\"query-input\":{\"@type\":\"PropertyValueSpecification\",\"valueRequired\":true,\"valueName\":\"search_term_string\"}}],\"inLanguage\":\"es\"},{\"@type\":\"Organization\",\"@id\":\"https:\/\/www.camarenahealth.org\/es\/#organization\",\"name\":\"Camarena Health\",\"url\":\"https:\/\/www.camarenahealth.org\/es\/\",\"logo\":{\"@type\":\"ImageObject\",\"inLanguage\":\"es\",\"@id\":\"https:\/\/www.camarenahealth.org\/es\/#\/schema\/logo\/image\/\",\"url\":\"https:\/\/www.camarenahealth.org\/wp-content\/uploads\/2021\/12\/Camarena-Health_2022-Logo.svg\",\"contentUrl\":\"https:\/\/www.camarenahealth.org\/wp-content\/uploads\/2021\/12\/Camarena-Health_2022-Logo.svg\",\"width\":1920,\"height\":382,\"caption\":\"Camarena Health\"},\"image\":{\"@id\":\"https:\/\/www.camarenahealth.org\/es\/#\/schema\/logo\/image\/\"}}]}<\/script>\n<!-- \/ Yoast SEO plugin. -->","yoast_head_json":{"title":"Informaci\u00f3n de la cita - Camarena Health","robots":{"index":"index","follow":"follow","max-snippet":"max-snippet:-1","max-image-preview":"max-image-preview:large","max-video-preview":"max-video-preview:-1"},"canonical":"https:\/\/www.camarenahealth.org\/es\/informacion-de-la-cita\/","og_locale":"es_ES","og_type":"article","og_title":"Informaci\u00f3n de la cita - Camarena Health","og_description":"[vc_row css=&#8221;.vc_custom_1499374036766{padding-top: 50px !important;padding-bottom: 30px !important;}&#8221;][vc_column width=&#8221;1\/6&#8243;][\/vc_column][vc_column width=&#8221;2\/3&#8243;][vc_tta_accordion style=&#8221;flat&#8221; shape=&#8221;square&#8221; color=&#8221;white&#8221; c_icon=&#8221;triangle&#8221; c_position=&#8221;right&#8221; active_section=&#8221;1&#8243; no_fill=&#8221;true&#8221; collapsible_all=&#8221;true&#8221;][vc_tta_section title=&#8221;Concertar citas&#8221; tab_id=&#8221;1499373913437-d101fbd9-ae24&#8243;][vc_column_text]Por favor, traiga una identificaci\u00f3n adecuada a su primera visita. Esto incluye una licencia de conducir v\u00e1lida u otra forma de identificaci\u00f3n oficial. Traiga siempre su tarjeta de seguro (seguro privado, Medi-Cal y\/o tarjeta de Medicare) cuando&hellip;","og_url":"https:\/\/www.camarenahealth.org\/es\/informacion-de-la-cita\/","og_site_name":"Camarena Health","article_modified_time":"2022-08-13T01:32:20+00:00","twitter_card":"summary_large_image","twitter_misc":{"Tiempo de lectura":"6 minutos"},"schema":{"@context":"https:\/\/schema.org","@graph":[{"@type":"WebPage","@id":"https:\/\/www.camarenahealth.org\/es\/informacion-de-la-cita\/","url":"https:\/\/www.camarenahealth.org\/es\/informacion-de-la-cita\/","name":"Informaci\u00f3n de la cita - Camarena Health","isPartOf":{"@id":"https:\/\/www.camarenahealth.org\/es\/#website"},"datePublished":"2017-06-28T05:38:19+00:00","dateModified":"2022-08-13T01:32:20+00:00","breadcrumb":{"@id":"https:\/\/www.camarenahealth.org\/es\/informacion-de-la-cita\/#breadcrumb"},"inLanguage":"es","potentialAction":[{"@type":"ReadAction","target":["https:\/\/www.camarenahealth.org\/es\/informacion-de-la-cita\/"]}]},{"@type":"BreadcrumbList","@id":"https:\/\/www.camarenahealth.org\/es\/informacion-de-la-cita\/#breadcrumb","itemListElement":[{"@type":"ListItem","position":1,"name":"Home","item":"https:\/\/www.camarenahealth.org\/es\/salud-camarena\/"},{"@type":"ListItem","position":2,"name":"Informaci\u00f3n de la cita"}]},{"@type":"WebSite","@id":"https:\/\/www.camarenahealth.org\/es\/#website","url":"https:\/\/www.camarenahealth.org\/es\/","name":"Camarena Health","description":"We Are Community. We Are Family. We Are Health.","publisher":{"@id":"https:\/\/www.camarenahealth.org\/es\/#organization"},"potentialAction":[{"@type":"SearchAction","target":{"@type":"EntryPoint","urlTemplate":"https:\/\/www.camarenahealth.org\/es\/?s={search_term_string}"},"query-input":{"@type":"PropertyValueSpecification","valueRequired":true,"valueName":"search_term_string"}}],"inLanguage":"es"},{"@type":"Organization","@id":"https:\/\/www.camarenahealth.org\/es\/#organization","name":"Camarena Health","url":"https:\/\/www.camarenahealth.org\/es\/","logo":{"@type":"ImageObject","inLanguage":"es","@id":"https:\/\/www.camarenahealth.org\/es\/#\/schema\/logo\/image\/","url":"https:\/\/www.camarenahealth.org\/wp-content\/uploads\/2021\/12\/Camarena-Health_2022-Logo.svg","contentUrl":"https:\/\/www.camarenahealth.org\/wp-content\/uploads\/2021\/12\/Camarena-Health_2022-Logo.svg","width":1920,"height":382,"caption":"Camarena Health"},"image":{"@id":"https:\/\/www.camarenahealth.org\/es\/#\/schema\/logo\/image\/"}}]}},"_links":{"self":[{"href":"https:\/\/www.camarenahealth.org\/es\/wp-json\/wp\/v2\/pages\/25299","targetHints":{"allow":["GET"]}}],"collection":[{"href":"https:\/\/www.camarenahealth.org\/es\/wp-json\/wp\/v2\/pages"}],"about":[{"href":"https:\/\/www.camarenahealth.org\/es\/wp-json\/wp\/v2\/types\/page"}],"author":[{"embeddable":true,"href":"https:\/\/www.camarenahealth.org\/es\/wp-json\/wp\/v2\/users\/1"}],"replies":[{"embeddable":true,"href":"https:\/\/www.camarenahealth.org\/es\/wp-json\/wp\/v2\/comments?post=25299"}],"version-history":[{"count":0,"href":"https:\/\/www.camarenahealth.org\/es\/wp-json\/wp\/v2\/pages\/25299\/revisions"}],"wp:attachment":[{"href":"https:\/\/www.camarenahealth.org\/es\/wp-json\/wp\/v2\/media?parent=25299"}],"curies":[{"name":"wp","href":"https:\/\/api.w.org\/{rel}","templated":true}]}}